{"id":4809,"date":"2024-07-03T10:47:49","date_gmt":"2024-07-03T13:47:49","guid":{"rendered":"https:\/\/www.ccuec.unicamp.br\/museu\/?page_id=4809"},"modified":"2024-08-08T09:57:41","modified_gmt":"2024-08-08T12:57:41","slug":"visitas","status":"publish","type":"page","link":"https:\/\/museu.detic.unicamp.br\/museu\/?page_id=4809","title":{"rendered":"Visitas"},"content":{"rendered":"\t\t<div data-elementor-type=\"wp-page\" data-elementor-id=\"4809\" class=\"elementor elementor-4809\">\n\t\t\t\t\t\t<section class=\"elementor-section elementor-top-section elementor-element elementor-element-46bd68c elementor-section-boxed elementor-section-height-default elementor-section-height-default\" data-id=\"46bd68c\" data-element_type=\"section\" data-e-type=\"section\">\n\t\t\t\t\t\t<div class=\"elementor-container elementor-column-gap-default\">\n\t\t\t\t\t<div class=\"elementor-column elementor-col-100 elementor-top-column elementor-element elementor-element-5b2b3183\" data-id=\"5b2b3183\" data-element_type=\"column\" data-e-type=\"column\">\n\t\t\t<div class=\"elementor-widget-wrap elementor-element-populated\">\n\t\t\t\t\t\t<div class=\"elementor-element elementor-element-50e7f900 elementor-widget elementor-widget-text-editor\" data-id=\"50e7f900\" data-element_type=\"widget\" data-e-type=\"widget\" data-widget_type=\"text-editor.default\">\n\t\t\t\t<div class=\"elementor-widget-container\">\n\t\t\t\t\t\t\t\t\t<p><\/p>\n<p><\/p>\n<p><\/p>\n<h2 class=\"wp-block-heading\"><strong>Visitas livres<\/strong><\/h2>\n<p><\/p>\n<p><\/p>\n<p class=\"wp-block-paragraph\">Todas as <strong>quartas-feiras<\/strong>, das <strong>12h \u00e0s 14h<\/strong> (exceto feriados), o Museu da Inform\u00e1tica da Unicamp est\u00e1 aberto, sem agendamento, para visitas monitoradas de at\u00e9 10 pessoas.<\/p>\n<p><\/p>\n<p><\/p>\n<hr \/>\n<p><\/p>\n<p><\/p>\n<h2 class=\"wp-block-heading\"><strong>Visitas monitoradas<\/strong><\/h2>\n<p><\/p>\n<p><\/p>\n<p class=\"wp-block-paragraph\">Disponibilizamos visitas monitoradas para, no <strong>m\u00e1ximo, 30 pessoas<\/strong> com dura\u00e7\u00e3o m\u00e1xima de at\u00e9 1h. Atendemos a comunidade Unicamp e tamb\u00e9m institui\u00e7\u00f5es e empresas externas. As solicita\u00e7\u00f5es de agendamento devem ser realizadas com, pelo menos, <strong>10 dias de anteced\u00eancia<\/strong> da data desejada e estar\u00e3o sujeitas \u00e0 an\u00e1lise e confirma\u00e7\u00e3o.\u00a0<\/p>\n<p><\/p>\n<p><\/p>\n<p class=\"wp-block-paragraph\"><strong>Resumo<\/strong>:<\/p>\n<p><\/p>\n<p><\/p>\n<div class=\"wp-block-columns is-layout-flex wp-container-core-columns-is-layout-8f761849 wp-block-columns-is-layout-flex\">\n<p><\/p>\n<div class=\"wp-block-column is-layout-flow wp-block-column-is-layout-flow\">\n<p><\/p>\n<ul class=\"wp-block-list\">\n<li style=\"list-style-type: none\">\n<ul class=\"wp-block-list\"><\/ul>\n<\/li>\n<\/ul>\n<p>\u00a0<\/p>\n<ul class=\"wp-block-list\">\n<li style=\"list-style-type: none\">\n<ul class=\"wp-block-list\">\n<li>Agendar previamente<\/li>\n<\/ul>\n<\/li>\n<\/ul>\n<p><\/p>\n<p><\/p>\n<ul class=\"wp-block-list\">\n<li style=\"list-style-type: none\">\n<ul class=\"wp-block-list\">\n<li>Somente em dias \u00fateis (segunda a sexta) entre 9h e 14h<\/li>\n<\/ul>\n<\/li>\n<\/ul>\n<p><\/p>\n<p><\/p>\n<\/div>\n<p><\/p>\n<p><\/p>\n<div class=\"wp-block-column is-layout-flow wp-block-column-is-layout-flow\">\n<p><\/p>\n<ul class=\"wp-block-list\">\n<li style=\"list-style-type: none\">\n<ul class=\"wp-block-list\"><\/ul>\n<\/li>\n<\/ul>\n<p>\u00a0<\/p>\n<ul class=\"wp-block-list\">\n<li style=\"list-style-type: none\">\n<ul class=\"wp-block-list\">\n<li>M\u00e1ximo de 30 visitantes<\/li>\n<\/ul>\n<\/li>\n<\/ul>\n<p><\/p>\n<p><\/p>\n<ul class=\"wp-block-list\">\n<li style=\"list-style-type: none\">\n<ul class=\"wp-block-list\">\n<li>Dura\u00e7\u00e3o de 1h<\/li>\n<\/ul>\n<\/li>\n<\/ul>\n<p><\/p>\n<p><\/p>\n<\/div>\n<p><\/p>\n<\/div>\n<p><\/p>\n<p><\/p>\n<div class=\"aviso aviso-1\" style=\"padding: 1em;margin-bottom: 1.0em;font-weight: bold;background-color: #fabb2c;color: #fff;border-left: 5px solid #2d2d2d\">\n<ul style=\"margin: 0 0 0 1.5em\">\n<li>N\u00e3o nos responsabilizamos por mochilas ou outros pertences pessoais durante a visita.<\/li>\n<li>Recomendamos o uso de garrafas pr\u00f3prias para consumo de \u00e1gua.<\/li>\n<li>N\u00e3o \u00e9 permitido consumo de nenhum tipo de alimento\/bebida no ambiente do Museu.<\/li>\n<li>Animais tamb\u00e9m n\u00e3o s\u00e3o permitidos.<\/li>\n<li>Ser\u00e3o solicitados direitos de uso de imagem para divulga\u00e7\u00e3o.<\/li>\n<\/ul>\n<\/div>\n<p><\/p>\n<p><\/p>\n<p class=\"wp-block-paragraph\">Inicie seu agendamento preenchendo o formul\u00e1rio abaixo. Em caso de cancelamento, por favor, avisar.<\/p>\n<p><\/p>\n<p><\/p>\t\t\t\t\t\t\t\t<\/div>\n\t\t\t\t<\/div>\n\t\t\t\t\t<\/div>\n\t\t<\/div>\n\t\t\t\t\t<\/div>\n\t\t<\/section>\n\t\t\t\t<section class=\"elementor-section elementor-top-section elementor-element elementor-element-ea009ea elementor-section-boxed elementor-section-height-default elementor-section-height-default\" data-id=\"ea009ea\" data-element_type=\"section\" data-e-type=\"section\">\n\t\t\t\t\t\t<div class=\"elementor-container elementor-column-gap-default\">\n\t\t\t\t\t<div class=\"elementor-column elementor-col-100 elementor-top-column elementor-element elementor-element-f2c71b2\" data-id=\"f2c71b2\" data-element_type=\"column\" data-e-type=\"column\">\n\t\t\t<div class=\"elementor-widget-wrap elementor-element-populated\">\n\t\t\t\t\t\t<div class=\"elementor-element elementor-element-c7fba99 elementor-widget elementor-widget-wp-widget-block\" data-id=\"c7fba99\" data-element_type=\"widget\" data-e-type=\"widget\" data-widget_type=\"wp-widget-block.default\">\n\t\t\t\t<div class=\"elementor-widget-container\">\n\t\t\t\t\t\n<div class=\"wpcf7 no-js\" id=\"wpcf7-f4828-o1\" lang=\"pt-BR\" dir=\"ltr\" data-wpcf7-id=\"4828\">\n<div class=\"screen-reader-response\"><p role=\"status\" aria-live=\"polite\" aria-atomic=\"true\"><\/p> <ul><\/ul><\/div>\n<form action=\"\/museu\/index.php?rest_route=%2Fwp%2Fv2%2Fpages%2F4809#wpcf7-f4828-o1\" method=\"post\" class=\"wpcf7-form init\" aria-label=\"Formul\u00e1rios de contato\" novalidate=\"novalidate\" data-status=\"init\">\n<fieldset class=\"hidden-fields-container\"><input type=\"hidden\" name=\"_wpcf7\" value=\"4828\" \/><input type=\"hidden\" name=\"_wpcf7_version\" value=\"6.1.5\" \/><input type=\"hidden\" name=\"_wpcf7_locale\" value=\"pt_BR\" \/><input type=\"hidden\" name=\"_wpcf7_unit_tag\" value=\"wpcf7-f4828-o1\" \/><input type=\"hidden\" name=\"_wpcf7_container_post\" value=\"0\" \/><input type=\"hidden\" name=\"_wpcf7_posted_data_hash\" value=\"\" \/>\n<\/fieldset>\n<p><label> Nome<br \/>\n<span class=\"wpcf7-form-control-wrap\" data-name=\"user-name\"><input size=\"40\" maxlength=\"400\" class=\"wpcf7-form-control wpcf7-text wpcf7-validates-as-required\" autocomplete=\"name\" aria-required=\"true\" aria-invalid=\"false\" value=\"\" type=\"text\" name=\"user-name\" \/><\/span> <\/label>\n<\/p>\n<p><label> Telefone<br \/>\n<span class=\"wpcf7-form-control-wrap\" data-name=\"user-phone\"><input size=\"40\" maxlength=\"400\" class=\"wpcf7-form-control wpcf7-tel wpcf7-validates-as-required wpcf7-text wpcf7-validates-as-tel\" autocomplete=\"phone\" aria-required=\"true\" aria-invalid=\"false\" value=\"\" type=\"tel\" name=\"user-phone\" \/><\/span> <\/label>\n<\/p>\n<p><label> Institui\u00e7\u00e3o<br \/>\n<span class=\"wpcf7-form-control-wrap\" data-name=\"user-institute\"><input size=\"40\" maxlength=\"400\" class=\"wpcf7-form-control wpcf7-text wpcf7-validates-as-required\" aria-required=\"true\" aria-invalid=\"false\" value=\"\" type=\"text\" name=\"user-institute\" \/><\/span> <\/label>\n<\/p>\n<p><label> E-mail<br \/>\n<span class=\"wpcf7-form-control-wrap\" data-name=\"user-email\"><input size=\"40\" maxlength=\"400\" class=\"wpcf7-form-control wpcf7-email wpcf7-validates-as-required wpcf7-text wpcf7-validates-as-email\" autocomplete=\"email\" aria-required=\"true\" aria-invalid=\"false\" value=\"\" type=\"email\" name=\"user-email\" \/><\/span> <\/label>\n<\/p>\n<div class=\"inline-fields\">\n\t<p><label> Data da visita<br \/>\n<span class=\"wpcf7-form-control-wrap\" data-name=\"user-date\"><input class=\"wpcf7-form-control wpcf7-date wpcf7-validates-as-required wpcf7-validates-as-date\" aria-required=\"true\" aria-invalid=\"false\" value=\"\" type=\"date\" name=\"user-date\" \/><\/span> <\/label><br \/>\n<span class=\"field-info\" style=\"color: #5e5e5e;font-size: 1.3rem\">(Somente dias \u00fateis)<\/span>\n\t<\/p>\n\t<p><label> Hor\u00e1rio da visita<br \/>\n<span class=\"wpcf7-form-control-wrap\" data-name=\"user-time\"><input size=\"40\" maxlength=\"400\" class=\"wpcf7-form-control wpcf7-text wpcf7-validates-as-required\" aria-required=\"true\" aria-invalid=\"false\" value=\"\" type=\"text\" name=\"user-time\" \/><\/span> <\/label><br \/>\n<span class=\"field-info\" style=\"color: #5e5e5e;font-size: 1.3rem\">(Hor\u00e1rio entre 9h e 14h)<\/span>\n\t<\/p>\n<\/div>\n<p><label> N\u00famero de visitantes<br \/>\n<span class=\"wpcf7-form-control-wrap\" data-name=\"user-amount\"><input size=\"40\" maxlength=\"400\" class=\"wpcf7-form-control wpcf7-text wpcf7-validates-as-required\" aria-required=\"true\" aria-invalid=\"false\" value=\"\" type=\"text\" name=\"user-amount\" \/><\/span> <\/label><br \/>\n<span class=\"field-info\" style=\"color: #5e5e5e;font-size: 1.3rem\">(10 - 30)<\/span>\n<\/p>\n<p><label> Motivo da visita<br \/>\n<span class=\"wpcf7-form-control-wrap\" data-name=\"user-reason\"><textarea cols=\"40\" rows=\"10\" maxlength=\"500\" class=\"wpcf7-form-control wpcf7-textarea wpcf7-validates-as-required\" aria-required=\"true\" aria-invalid=\"false\" name=\"user-reason\"><\/textarea><\/span> <\/label>\n<\/p>\n<p><input class=\"wpcf7-form-control wpcf7-submit has-spinner\" type=\"submit\" value=\"Agendar\" \/>\n<\/p><p style=\"display: none !important;\" class=\"akismet-fields-container\" data-prefix=\"_wpcf7_ak_\"><label>&#916;<textarea name=\"_wpcf7_ak_hp_textarea\" cols=\"45\" rows=\"8\" maxlength=\"100\"><\/textarea><\/label><input type=\"hidden\" id=\"ak_js_1\" name=\"_wpcf7_ak_js\" value=\"98\"\/><script>document.getElementById( \"ak_js_1\" ).setAttribute( \"value\", ( new Date() ).getTime() );<\/script><\/p><div class=\"wpcf7-response-output\" aria-hidden=\"true\"><\/div>\n<\/form>\n<\/div>\n\t\t\t\t<\/div>\n\t\t\t\t<\/div>\n\t\t\t\t\t<\/div>\n\t\t<\/div>\n\t\t\t\t\t<\/div>\n\t\t<\/section>\n\t\t\t\t<\/div>\n\t\t","protected":false},"excerpt":{"rendered":"<p>Visitas livres Todas as quartas-feiras, das 12h \u00e0s 14h (exceto feriados), o Museu da Inform\u00e1tica da Unicamp est\u00e1 aberto, sem agendamento, para visitas monitoradas de at\u00e9 10 pessoas. Visitas monitoradas [&hellip;]<\/p>\n","protected":false},"author":32,"featured_media":0,"parent":0,"menu_order":0,"comment_status":"closed","ping_status":"closed","template":"","meta":{"_crdt_document":"","ngg_post_thumbnail":0,"footnotes":""},"class_list":["post-4809","page","type-page","status-publish","hentry"],"yoast_head":"<!-- This site is optimized with the Yoast SEO plugin v27.2 - https:\/\/yoast.com\/product\/yoast-seo-wordpress\/ -->\n<title>Visitas - Museu de Inform\u00e1tica da Unicamp<\/title>\n<meta name=\"robots\" content=\"index, follow, max-snippet:-1, max-image-preview:large, max-video-preview:-1\" \/>\n<link rel=\"canonical\" href=\"https:\/\/museu.detic.unicamp.br\/museu\/?page_id=4809\" \/>\n<meta property=\"og:locale\" content=\"pt_BR\" \/>\n<meta property=\"og:type\" content=\"article\" \/>\n<meta property=\"og:title\" content=\"Visitas - Museu de Inform\u00e1tica da Unicamp\" \/>\n<meta property=\"og:description\" content=\"Visitas livres Todas as quartas-feiras, das 12h \u00e0s 14h (exceto feriados), o Museu da Inform\u00e1tica da Unicamp est\u00e1 aberto, sem agendamento, para visitas monitoradas de at\u00e9 10 pessoas. Visitas monitoradas [&hellip;]\" \/>\n<meta property=\"og:url\" content=\"https:\/\/museu.detic.unicamp.br\/museu\/?page_id=4809\" \/>\n<meta property=\"og:site_name\" content=\"Museu de Inform\u00e1tica da Unicamp\" \/>\n<meta property=\"article:modified_time\" content=\"2024-08-08T12:57:41+00:00\" \/>\n<meta name=\"twitter:card\" content=\"summary_large_image\" \/>\n<meta name=\"twitter:label1\" content=\"Est. tempo de leitura\" \/>\n\t<meta name=\"twitter:data1\" content=\"2 minutos\" \/>\n<script type=\"application\/ld+json\" class=\"yoast-schema-graph\">{\"@context\":\"https:\/\/schema.org\",\"@graph\":[{\"@type\":\"WebPage\",\"@id\":\"https:\/\/museu.detic.unicamp.br\/museu\/?page_id=4809\",\"url\":\"https:\/\/museu.detic.unicamp.br\/museu\/?page_id=4809\",\"name\":\"Visitas - Museu de Inform\u00e1tica da Unicamp\",\"isPartOf\":{\"@id\":\"https:\/\/museu.detic.unicamp.br\/museu\/#website\"},\"datePublished\":\"2024-07-03T13:47:49+00:00\",\"dateModified\":\"2024-08-08T12:57:41+00:00\",\"breadcrumb\":{\"@id\":\"https:\/\/museu.detic.unicamp.br\/museu\/?page_id=4809#breadcrumb\"},\"inLanguage\":\"pt-BR\",\"potentialAction\":[{\"@type\":\"ReadAction\",\"target\":[\"https:\/\/museu.detic.unicamp.br\/museu\/?page_id=4809\"]}]},{\"@type\":\"BreadcrumbList\",\"@id\":\"https:\/\/museu.detic.unicamp.br\/museu\/?page_id=4809#breadcrumb\",\"itemListElement\":[{\"@type\":\"ListItem\",\"position\":1,\"name\":\"In\u00edcio\",\"item\":\"https:\/\/museu.detic.unicamp.br\/museu\/\"},{\"@type\":\"ListItem\",\"position\":2,\"name\":\"Visitas\"}]},{\"@type\":\"WebSite\",\"@id\":\"https:\/\/museu.detic.unicamp.br\/museu\/#website\",\"url\":\"https:\/\/museu.detic.unicamp.br\/museu\/\",\"name\":\"Museu de Inform\u00e1tica da Unicamp\",\"description\":\"Museu cont\u00e9m equipamentos que est\u00e3o ligados \u00e0 hist\u00f3ria da inform\u00e1tica na UNICAMP\",\"potentialAction\":[{\"@type\":\"SearchAction\",\"target\":{\"@type\":\"EntryPoint\",\"urlTemplate\":\"https:\/\/museu.detic.unicamp.br\/museu\/?s={search_term_string}\"},\"query-input\":{\"@type\":\"PropertyValueSpecification\",\"valueRequired\":true,\"valueName\":\"search_term_string\"}}],\"inLanguage\":\"pt-BR\"}]}<\/script>\n<!-- \/ Yoast SEO plugin. -->","yoast_head_json":{"title":"Visitas - Museu de Inform\u00e1tica da Unicamp","robots":{"index":"index","follow":"follow","max-snippet":"max-snippet:-1","max-image-preview":"max-image-preview:large","max-video-preview":"max-video-preview:-1"},"canonical":"https:\/\/museu.detic.unicamp.br\/museu\/?page_id=4809","og_locale":"pt_BR","og_type":"article","og_title":"Visitas - Museu de Inform\u00e1tica da Unicamp","og_description":"Visitas livres Todas as quartas-feiras, das 12h \u00e0s 14h (exceto feriados), o Museu da Inform\u00e1tica da Unicamp est\u00e1 aberto, sem agendamento, para visitas monitoradas de at\u00e9 10 pessoas. Visitas monitoradas [&hellip;]","og_url":"https:\/\/museu.detic.unicamp.br\/museu\/?page_id=4809","og_site_name":"Museu de Inform\u00e1tica da Unicamp","article_modified_time":"2024-08-08T12:57:41+00:00","twitter_card":"summary_large_image","twitter_misc":{"Est. tempo de leitura":"2 minutos"},"schema":{"@context":"https:\/\/schema.org","@graph":[{"@type":"WebPage","@id":"https:\/\/museu.detic.unicamp.br\/museu\/?page_id=4809","url":"https:\/\/museu.detic.unicamp.br\/museu\/?page_id=4809","name":"Visitas - Museu de Inform\u00e1tica da Unicamp","isPartOf":{"@id":"https:\/\/museu.detic.unicamp.br\/museu\/#website"},"datePublished":"2024-07-03T13:47:49+00:00","dateModified":"2024-08-08T12:57:41+00:00","breadcrumb":{"@id":"https:\/\/museu.detic.unicamp.br\/museu\/?page_id=4809#breadcrumb"},"inLanguage":"pt-BR","potentialAction":[{"@type":"ReadAction","target":["https:\/\/museu.detic.unicamp.br\/museu\/?page_id=4809"]}]},{"@type":"BreadcrumbList","@id":"https:\/\/museu.detic.unicamp.br\/museu\/?page_id=4809#breadcrumb","itemListElement":[{"@type":"ListItem","position":1,"name":"In\u00edcio","item":"https:\/\/museu.detic.unicamp.br\/museu\/"},{"@type":"ListItem","position":2,"name":"Visitas"}]},{"@type":"WebSite","@id":"https:\/\/museu.detic.unicamp.br\/museu\/#website","url":"https:\/\/museu.detic.unicamp.br\/museu\/","name":"Museu de Inform\u00e1tica da Unicamp","description":"Museu cont\u00e9m equipamentos que est\u00e3o ligados \u00e0 hist\u00f3ria da inform\u00e1tica na UNICAMP","potentialAction":[{"@type":"SearchAction","target":{"@type":"EntryPoint","urlTemplate":"https:\/\/museu.detic.unicamp.br\/museu\/?s={search_term_string}"},"query-input":{"@type":"PropertyValueSpecification","valueRequired":true,"valueName":"search_term_string"}}],"inLanguage":"pt-BR"}]}},"_links":{"self":[{"href":"https:\/\/museu.detic.unicamp.br\/museu\/index.php?rest_route=\/wp\/v2\/pages\/4809","targetHints":{"allow":["GET"]}}],"collection":[{"href":"https:\/\/museu.detic.unicamp.br\/museu\/index.php?rest_route=\/wp\/v2\/pages"}],"about":[{"href":"https:\/\/museu.detic.unicamp.br\/museu\/index.php?rest_route=\/wp\/v2\/types\/page"}],"author":[{"embeddable":true,"href":"https:\/\/museu.detic.unicamp.br\/museu\/index.php?rest_route=\/wp\/v2\/users\/32"}],"replies":[{"embeddable":true,"href":"https:\/\/museu.detic.unicamp.br\/museu\/index.php?rest_route=%2Fwp%2Fv2%2Fcomments&post=4809"}],"version-history":[{"count":16,"href":"https:\/\/museu.detic.unicamp.br\/museu\/index.php?rest_route=\/wp\/v2\/pages\/4809\/revisions"}],"predecessor-version":[{"id":4888,"href":"https:\/\/museu.detic.unicamp.br\/museu\/index.php?rest_route=\/wp\/v2\/pages\/4809\/revisions\/4888"}],"wp:attachment":[{"href":"https:\/\/museu.detic.unicamp.br\/museu\/index.php?rest_route=%2Fwp%2Fv2%2Fmedia&parent=4809"}],"curies":[{"name":"wp","href":"https:\/\/api.w.org\/{rel}","templated":true}]}}