{"id":324,"date":"2015-06-30T15:40:01","date_gmt":"2015-06-30T15:40:01","guid":{"rendered":"http:\/\/localhost\/wordpress\/?page_id=324"},"modified":"2021-08-16T23:54:14","modified_gmt":"2021-08-17T02:54:14","slug":"visitacao","status":"publish","type":"page","link":"https:\/\/museu.detic.unicamp.br\/museu\/?page_id=324","title":{"rendered":"Localiza\u00e7\u00e3o"},"content":{"rendered":"\t\t<div data-elementor-type=\"wp-page\" data-elementor-id=\"324\" class=\"elementor elementor-324\">\n\t\t\t\t\t\t<section class=\"elementor-section elementor-top-section elementor-element elementor-element-31a28936 elementor-section-boxed elementor-section-height-default elementor-section-height-default\" data-id=\"31a28936\" data-element_type=\"section\" data-e-type=\"section\">\n\t\t\t\t\t\t<div class=\"elementor-container elementor-column-gap-default\">\n\t\t\t\t\t<div class=\"elementor-column elementor-col-100 elementor-top-column elementor-element elementor-element-7367d046\" data-id=\"7367d046\" data-element_type=\"column\" data-e-type=\"column\">\n\t\t\t<div class=\"elementor-widget-wrap elementor-element-populated\">\n\t\t\t\t\t\t<div class=\"elementor-element elementor-element-62147755 elementor-widget elementor-widget-text-editor\" data-id=\"62147755\" data-element_type=\"widget\" data-e-type=\"widget\" data-widget_type=\"text-editor.default\">\n\t\t\t\t<div class=\"elementor-widget-container\">\n\t\t\t\t\t\t\t\t\t<h2 id=\"node-title\" class=\"title\"><span style=\"font-size: 16px;\"><span style=\"color: #808080;\"><span style=\"font-family: verdana,geneva,sans-serif;\">Endere\u00e7o: Rua Saturnino de Brito, 45 &#8211; Cidade Universit\u00e1ria Zeferino Vaz &#8211; Bar\u00e3o Geraldo &#8211; Campinas &#8211; S\u00e3o Paulo. <\/span><\/span><\/span><\/h2><h2 class=\"title\"><span style=\"font-size: 16px;\"><span style=\"color: #808080;\"><span style=\"font-family: verdana,geneva,sans-serif;\">CEP: 13.083-889\u00a0 <\/span><\/span><\/span><\/h2><h2 class=\"title\"><span style=\"font-size: 16px;\"><span style=\"color: #808080;\"><span style=\"font-family: verdana,geneva,sans-serif;\">Telefone: (19) 3521-2200<\/span><\/span><\/span><\/h2><div class=\"region region-content\"><center><iframe style=\"border: 0;\" src=\"https:\/\/www.google.com\/maps\/embed?pb=!1m14!1m8!1m3!1d7288.197738043873!2d-47.068112099322484!3d-22.816583565150783!3m2!1i1024!2i768!4f13.1!3m3!1m2!1s0x94c8c6ab879d633d%3A0xad2f82c5537fd774!2sCCUEC+-+Centro+de+Computa%C3%A7%C3%A3o+da+Unicamp!5e1!3m2!1spt-BR!2sbr!4v1490113418424\" width=\"600\" height=\"450\" frameborder=\"0\" allowfullscreen=\"allowfullscreen\"><\/iframe>\u00a0<\/center><center><\/center><\/div>\t\t\t\t\t\t\t\t<\/div>\n\t\t\t\t<\/div>\n\t\t\t\t\t<\/div>\n\t\t<\/div>\n\t\t\t\t\t<\/div>\n\t\t<\/section>\n\t\t\t\t<\/div>\n\t\t","protected":false},"excerpt":{"rendered":"<p>Endere\u00e7o: Rua Saturnino de Brito, 45 &#8211; Cidade Universit\u00e1ria Zeferino Vaz &#8211; Bar\u00e3o Geraldo &#8211; Campinas &#8211; S\u00e3o Paulo. CEP: 13.083-889\u00a0 Telefone: (19) 3521-2200 \u00a0<\/p>\n","protected":false},"author":1,"featured_media":0,"parent":21,"menu_order":0,"comment_status":"closed","ping_status":"closed","template":"","meta":{"_crdt_document":"","ngg_post_thumbnail":0,"footnotes":""},"class_list":["post-324","page","type-page","status-publish","hentry"],"yoast_head":"<!-- This site is optimized with the Yoast SEO plugin v27.2 - https:\/\/yoast.com\/product\/yoast-seo-wordpress\/ -->\n<title>Localiza\u00e7\u00e3o - Museu de Inform\u00e1tica da Unicamp<\/title>\n<meta name=\"robots\" content=\"index, follow, max-snippet:-1, max-image-preview:large, max-video-preview:-1\" \/>\n<link rel=\"canonical\" href=\"https:\/\/museu.detic.unicamp.br\/museu\/?page_id=324\" \/>\n<meta property=\"og:locale\" content=\"pt_BR\" \/>\n<meta property=\"og:type\" content=\"article\" \/>\n<meta property=\"og:title\" content=\"Localiza\u00e7\u00e3o - Museu de Inform\u00e1tica da Unicamp\" \/>\n<meta property=\"og:description\" content=\"Endere\u00e7o: Rua Saturnino de Brito, 45 &#8211; Cidade Universit\u00e1ria Zeferino Vaz &#8211; Bar\u00e3o Geraldo &#8211; Campinas &#8211; S\u00e3o Paulo. CEP: 13.083-889\u00a0 Telefone: (19) 3521-2200 \u00a0\" \/>\n<meta property=\"og:url\" content=\"https:\/\/museu.detic.unicamp.br\/museu\/?page_id=324\" \/>\n<meta property=\"og:site_name\" content=\"Museu de Inform\u00e1tica da Unicamp\" \/>\n<meta property=\"article:modified_time\" content=\"2021-08-17T02:54:14+00:00\" \/>\n<meta name=\"twitter:card\" content=\"summary_large_image\" \/>\n<meta name=\"twitter:label1\" content=\"Est. tempo de leitura\" \/>\n\t<meta name=\"twitter:data1\" content=\"1 minuto\" \/>\n<script type=\"application\/ld+json\" class=\"yoast-schema-graph\">{\"@context\":\"https:\/\/schema.org\",\"@graph\":[{\"@type\":\"WebPage\",\"@id\":\"https:\/\/museu.detic.unicamp.br\/museu\/?page_id=324\",\"url\":\"https:\/\/museu.detic.unicamp.br\/museu\/?page_id=324\",\"name\":\"Localiza\u00e7\u00e3o - Museu de Inform\u00e1tica da Unicamp\",\"isPartOf\":{\"@id\":\"https:\/\/museu.detic.unicamp.br\/museu\/#website\"},\"datePublished\":\"2015-06-30T15:40:01+00:00\",\"dateModified\":\"2021-08-17T02:54:14+00:00\",\"breadcrumb\":{\"@id\":\"https:\/\/museu.detic.unicamp.br\/museu\/?page_id=324#breadcrumb\"},\"inLanguage\":\"pt-BR\",\"potentialAction\":[{\"@type\":\"ReadAction\",\"target\":[\"https:\/\/museu.detic.unicamp.br\/museu\/?page_id=324\"]}]},{\"@type\":\"BreadcrumbList\",\"@id\":\"https:\/\/museu.detic.unicamp.br\/museu\/?page_id=324#breadcrumb\",\"itemListElement\":[{\"@type\":\"ListItem\",\"position\":1,\"name\":\"In\u00edcio\",\"item\":\"https:\/\/museu.detic.unicamp.br\/museu\/\"},{\"@type\":\"ListItem\",\"position\":2,\"name\":\"Hist\u00f3rico\",\"item\":\"https:\/\/museu.detic.unicamp.br\/museu\/\"},{\"@type\":\"ListItem\",\"position\":3,\"name\":\"Localiza\u00e7\u00e3o\"}]},{\"@type\":\"WebSite\",\"@id\":\"https:\/\/museu.detic.unicamp.br\/museu\/#website\",\"url\":\"https:\/\/museu.detic.unicamp.br\/museu\/\",\"name\":\"Museu de Inform\u00e1tica da Unicamp\",\"description\":\"Museu cont\u00e9m equipamentos que est\u00e3o ligados \u00e0 hist\u00f3ria da inform\u00e1tica na UNICAMP\",\"potentialAction\":[{\"@type\":\"SearchAction\",\"target\":{\"@type\":\"EntryPoint\",\"urlTemplate\":\"https:\/\/museu.detic.unicamp.br\/museu\/?s={search_term_string}\"},\"query-input\":{\"@type\":\"PropertyValueSpecification\",\"valueRequired\":true,\"valueName\":\"search_term_string\"}}],\"inLanguage\":\"pt-BR\"}]}<\/script>\n<!-- \/ Yoast SEO plugin. -->","yoast_head_json":{"title":"Localiza\u00e7\u00e3o - Museu de Inform\u00e1tica da Unicamp","robots":{"index":"index","follow":"follow","max-snippet":"max-snippet:-1","max-image-preview":"max-image-preview:large","max-video-preview":"max-video-preview:-1"},"canonical":"https:\/\/museu.detic.unicamp.br\/museu\/?page_id=324","og_locale":"pt_BR","og_type":"article","og_title":"Localiza\u00e7\u00e3o - Museu de Inform\u00e1tica da Unicamp","og_description":"Endere\u00e7o: Rua Saturnino de Brito, 45 &#8211; Cidade Universit\u00e1ria Zeferino Vaz &#8211; Bar\u00e3o Geraldo &#8211; Campinas &#8211; S\u00e3o Paulo. CEP: 13.083-889\u00a0 Telefone: (19) 3521-2200 \u00a0","og_url":"https:\/\/museu.detic.unicamp.br\/museu\/?page_id=324","og_site_name":"Museu de Inform\u00e1tica da Unicamp","article_modified_time":"2021-08-17T02:54:14+00:00","twitter_card":"summary_large_image","twitter_misc":{"Est. tempo de leitura":"1 minuto"},"schema":{"@context":"https:\/\/schema.org","@graph":[{"@type":"WebPage","@id":"https:\/\/museu.detic.unicamp.br\/museu\/?page_id=324","url":"https:\/\/museu.detic.unicamp.br\/museu\/?page_id=324","name":"Localiza\u00e7\u00e3o - Museu de Inform\u00e1tica da Unicamp","isPartOf":{"@id":"https:\/\/museu.detic.unicamp.br\/museu\/#website"},"datePublished":"2015-06-30T15:40:01+00:00","dateModified":"2021-08-17T02:54:14+00:00","breadcrumb":{"@id":"https:\/\/museu.detic.unicamp.br\/museu\/?page_id=324#breadcrumb"},"inLanguage":"pt-BR","potentialAction":[{"@type":"ReadAction","target":["https:\/\/museu.detic.unicamp.br\/museu\/?page_id=324"]}]},{"@type":"BreadcrumbList","@id":"https:\/\/museu.detic.unicamp.br\/museu\/?page_id=324#breadcrumb","itemListElement":[{"@type":"ListItem","position":1,"name":"In\u00edcio","item":"https:\/\/museu.detic.unicamp.br\/museu\/"},{"@type":"ListItem","position":2,"name":"Hist\u00f3rico","item":"https:\/\/museu.detic.unicamp.br\/museu\/"},{"@type":"ListItem","position":3,"name":"Localiza\u00e7\u00e3o"}]},{"@type":"WebSite","@id":"https:\/\/museu.detic.unicamp.br\/museu\/#website","url":"https:\/\/museu.detic.unicamp.br\/museu\/","name":"Museu de Inform\u00e1tica da Unicamp","description":"Museu cont\u00e9m equipamentos que est\u00e3o ligados \u00e0 hist\u00f3ria da inform\u00e1tica na UNICAMP","potentialAction":[{"@type":"SearchAction","target":{"@type":"EntryPoint","urlTemplate":"https:\/\/museu.detic.unicamp.br\/museu\/?s={search_term_string}"},"query-input":{"@type":"PropertyValueSpecification","valueRequired":true,"valueName":"search_term_string"}}],"inLanguage":"pt-BR"}]}},"_links":{"self":[{"href":"https:\/\/museu.detic.unicamp.br\/museu\/index.php?rest_route=\/wp\/v2\/pages\/324","targetHints":{"allow":["GET"]}}],"collection":[{"href":"https:\/\/museu.detic.unicamp.br\/museu\/index.php?rest_route=\/wp\/v2\/pages"}],"about":[{"href":"https:\/\/museu.detic.unicamp.br\/museu\/index.php?rest_route=\/wp\/v2\/types\/page"}],"author":[{"embeddable":true,"href":"https:\/\/museu.detic.unicamp.br\/museu\/index.php?rest_route=\/wp\/v2\/users\/1"}],"replies":[{"embeddable":true,"href":"https:\/\/museu.detic.unicamp.br\/museu\/index.php?rest_route=%2Fwp%2Fv2%2Fcomments&post=324"}],"version-history":[{"count":78,"href":"https:\/\/museu.detic.unicamp.br\/museu\/index.php?rest_route=\/wp\/v2\/pages\/324\/revisions"}],"predecessor-version":[{"id":3914,"href":"https:\/\/museu.detic.unicamp.br\/museu\/index.php?rest_route=\/wp\/v2\/pages\/324\/revisions\/3914"}],"up":[{"embeddable":true,"href":"https:\/\/museu.detic.unicamp.br\/museu\/index.php?rest_route=\/wp\/v2\/pages\/21"}],"wp:attachment":[{"href":"https:\/\/museu.detic.unicamp.br\/museu\/index.php?rest_route=%2Fwp%2Fv2%2Fmedia&parent=324"}],"curies":[{"name":"wp","href":"https:\/\/api.w.org\/{rel}","templated":true}]}}