{"id":2371,"date":"2015-08-04T12:57:08","date_gmt":"2015-08-04T12:57:08","guid":{"rendered":"http:\/\/monaco\/wordpress\/?page_id=738"},"modified":"2021-10-22T12:46:29","modified_gmt":"2021-10-22T15:46:29","slug":"evolucao-intel","status":"publish","type":"page","link":"https:\/\/museu.detic.unicamp.br\/museu\/?page_id=2371","title":{"rendered":"Processadores e Mem\u00f3rias"},"content":{"rendered":"\t\t<div data-elementor-type=\"wp-page\" data-elementor-id=\"2371\" class=\"elementor elementor-2371\">\n\t\t\t\t\t\t<section class=\"elementor-section elementor-top-section elementor-element elementor-element-eb5cf0c elementor-section-boxed elementor-section-height-default elementor-section-height-default\" data-id=\"eb5cf0c\" data-element_type=\"section\" data-e-type=\"section\">\n\t\t\t\t\t\t<div class=\"elementor-container elementor-column-gap-default\">\n\t\t\t\t\t<div class=\"elementor-column elementor-col-100 elementor-top-column elementor-element elementor-element-0e1c701\" data-id=\"0e1c701\" data-element_type=\"column\" data-e-type=\"column\">\n\t\t\t<div class=\"elementor-widget-wrap elementor-element-populated\">\n\t\t\t\t\t\t<div class=\"elementor-element elementor-element-fb25ec3 gallery-spacing-custom elementor-widget elementor-widget-image-gallery\" data-id=\"fb25ec3\" data-element_type=\"widget\" data-e-type=\"widget\" data-widget_type=\"image-gallery.default\">\n\t\t\t\t<div class=\"elementor-widget-container\">\n\t\t\t\t\t\t\t<div class=\"elementor-image-gallery\">\n\t\t\t<div id='gallery-1' class='gallery galleryid-2371 gallery-columns-4 gallery-size-large'><figure class='gallery-item'>\n\t\t\t<div class='gallery-icon portrait'>\n\t\t\t\t<a data-elementor-open-lightbox=\"yes\" data-elementor-lightbox-slideshow=\"fb25ec3\" data-elementor-lightbox-title=\"IMG_0354\" data-e-action-hash=\"#elementor-action%3Aaction%3Dlightbox%26settings%3DeyJpZCI6NDE0OSwidXJsIjoiaHR0cHM6XC9cL211c2V1LmRldGljLnVuaWNhbXAuYnJcL211c2V1XC93cC1jb250ZW50XC91cGxvYWRzXC9zaXRlc1wvOVwvMjAyMVwvMTBcL0lNR18wMzU0LTEtc2NhbGVkLmpwZyIsInNsaWRlc2hvdyI6ImZiMjVlYzMifQ%3D%3D\" href='https:\/\/museu.detic.unicamp.br\/museu\/wp-content\/uploads\/sites\/9\/2021\/10\/IMG_0354-1-scaled.jpg'><img fetchpriority=\"high\" decoding=\"async\" width=\"720\" height=\"960\" src=\"https:\/\/museu.detic.unicamp.br\/museu\/wp-content\/uploads\/sites\/9\/2021\/10\/IMG_0354-1-768x1024.jpg\" class=\"attachment-large size-large\" alt=\"\" srcset=\"https:\/\/museu.detic.unicamp.br\/museu\/wp-content\/uploads\/sites\/9\/2021\/10\/IMG_0354-1-768x1024.jpg 768w, https:\/\/museu.detic.unicamp.br\/museu\/wp-content\/uploads\/sites\/9\/2021\/10\/IMG_0354-1-225x300.jpg 225w, https:\/\/museu.detic.unicamp.br\/museu\/wp-content\/uploads\/sites\/9\/2021\/10\/IMG_0354-1-1152x1536.jpg 1152w, https:\/\/museu.detic.unicamp.br\/museu\/wp-content\/uploads\/sites\/9\/2021\/10\/IMG_0354-1-1536x2048.jpg 1536w, https:\/\/museu.detic.unicamp.br\/museu\/wp-content\/uploads\/sites\/9\/2021\/10\/IMG_0354-1-scaled.jpg 1920w\" sizes=\"(max-width: 720px) 100vw, 720px\" \/><\/a>\n\t\t\t<\/div><\/figure><figure class='gallery-item'>\n\t\t\t<div class='gallery-icon portrait'>\n\t\t\t\t<a data-elementor-open-lightbox=\"yes\" data-elementor-lightbox-slideshow=\"fb25ec3\" data-elementor-lightbox-title=\"IMG_0355\" data-e-action-hash=\"#elementor-action%3Aaction%3Dlightbox%26settings%3DeyJpZCI6NDE1MCwidXJsIjoiaHR0cHM6XC9cL211c2V1LmRldGljLnVuaWNhbXAuYnJcL211c2V1XC93cC1jb250ZW50XC91cGxvYWRzXC9zaXRlc1wvOVwvMjAyMVwvMTBcL0lNR18wMzU1LTEtc2NhbGVkLmpwZyIsInNsaWRlc2hvdyI6ImZiMjVlYzMifQ%3D%3D\" href='https:\/\/museu.detic.unicamp.br\/museu\/wp-content\/uploads\/sites\/9\/2021\/10\/IMG_0355-1-scaled.jpg'><img decoding=\"async\" width=\"720\" height=\"960\" src=\"https:\/\/museu.detic.unicamp.br\/museu\/wp-content\/uploads\/sites\/9\/2021\/10\/IMG_0355-1-768x1024.jpg\" class=\"attachment-large size-large\" alt=\"\" srcset=\"https:\/\/museu.detic.unicamp.br\/museu\/wp-content\/uploads\/sites\/9\/2021\/10\/IMG_0355-1-768x1024.jpg 768w, https:\/\/museu.detic.unicamp.br\/museu\/wp-content\/uploads\/sites\/9\/2021\/10\/IMG_0355-1-225x300.jpg 225w, https:\/\/museu.detic.unicamp.br\/museu\/wp-content\/uploads\/sites\/9\/2021\/10\/IMG_0355-1-1152x1536.jpg 1152w, https:\/\/museu.detic.unicamp.br\/museu\/wp-content\/uploads\/sites\/9\/2021\/10\/IMG_0355-1-1536x2048.jpg 1536w, https:\/\/museu.detic.unicamp.br\/museu\/wp-content\/uploads\/sites\/9\/2021\/10\/IMG_0355-1-scaled.jpg 1920w\" sizes=\"(max-width: 720px) 100vw, 720px\" \/><\/a>\n\t\t\t<\/div><\/figure><figure class='gallery-item'>\n\t\t\t<div class='gallery-icon portrait'>\n\t\t\t\t<a data-elementor-open-lightbox=\"yes\" data-elementor-lightbox-slideshow=\"fb25ec3\" data-elementor-lightbox-title=\"IMG_0356\" data-e-action-hash=\"#elementor-action%3Aaction%3Dlightbox%26settings%3DeyJpZCI6NDE1MSwidXJsIjoiaHR0cHM6XC9cL211c2V1LmRldGljLnVuaWNhbXAuYnJcL211c2V1XC93cC1jb250ZW50XC91cGxvYWRzXC9zaXRlc1wvOVwvMjAyMVwvMTBcL0lNR18wMzU2LTEtc2NhbGVkLmpwZyIsInNsaWRlc2hvdyI6ImZiMjVlYzMifQ%3D%3D\" href='https:\/\/museu.detic.unicamp.br\/museu\/wp-content\/uploads\/sites\/9\/2021\/10\/IMG_0356-1-scaled.jpg'><img decoding=\"async\" width=\"720\" height=\"960\" src=\"https:\/\/museu.detic.unicamp.br\/museu\/wp-content\/uploads\/sites\/9\/2021\/10\/IMG_0356-1-768x1024.jpg\" class=\"attachment-large size-large\" alt=\"\" srcset=\"https:\/\/museu.detic.unicamp.br\/museu\/wp-content\/uploads\/sites\/9\/2021\/10\/IMG_0356-1-768x1024.jpg 768w, https:\/\/museu.detic.unicamp.br\/museu\/wp-content\/uploads\/sites\/9\/2021\/10\/IMG_0356-1-225x300.jpg 225w, https:\/\/museu.detic.unicamp.br\/museu\/wp-content\/uploads\/sites\/9\/2021\/10\/IMG_0356-1-1152x1536.jpg 1152w, https:\/\/museu.detic.unicamp.br\/museu\/wp-content\/uploads\/sites\/9\/2021\/10\/IMG_0356-1-1536x2048.jpg 1536w, https:\/\/museu.detic.unicamp.br\/museu\/wp-content\/uploads\/sites\/9\/2021\/10\/IMG_0356-1-scaled.jpg 1920w\" sizes=\"(max-width: 720px) 100vw, 720px\" \/><\/a>\n\t\t\t<\/div><\/figure><figure class='gallery-item'>\n\t\t\t<div class='gallery-icon portrait'>\n\t\t\t\t<a data-elementor-open-lightbox=\"yes\" data-elementor-lightbox-slideshow=\"fb25ec3\" data-elementor-lightbox-title=\"IMG_0357\" data-e-action-hash=\"#elementor-action%3Aaction%3Dlightbox%26settings%3DeyJpZCI6NDE1MiwidXJsIjoiaHR0cHM6XC9cL211c2V1LmRldGljLnVuaWNhbXAuYnJcL211c2V1XC93cC1jb250ZW50XC91cGxvYWRzXC9zaXRlc1wvOVwvMjAyMVwvMTBcL0lNR18wMzU3LTEtc2NhbGVkLmpwZyIsInNsaWRlc2hvdyI6ImZiMjVlYzMifQ%3D%3D\" href='https:\/\/museu.detic.unicamp.br\/museu\/wp-content\/uploads\/sites\/9\/2021\/10\/IMG_0357-1-scaled.jpg'><img loading=\"lazy\" decoding=\"async\" width=\"720\" height=\"960\" src=\"https:\/\/museu.detic.unicamp.br\/museu\/wp-content\/uploads\/sites\/9\/2021\/10\/IMG_0357-1-768x1024.jpg\" class=\"attachment-large size-large\" alt=\"\" srcset=\"https:\/\/museu.detic.unicamp.br\/museu\/wp-content\/uploads\/sites\/9\/2021\/10\/IMG_0357-1-768x1024.jpg 768w, https:\/\/museu.detic.unicamp.br\/museu\/wp-content\/uploads\/sites\/9\/2021\/10\/IMG_0357-1-225x300.jpg 225w, https:\/\/museu.detic.unicamp.br\/museu\/wp-content\/uploads\/sites\/9\/2021\/10\/IMG_0357-1-1152x1536.jpg 1152w, https:\/\/museu.detic.unicamp.br\/museu\/wp-content\/uploads\/sites\/9\/2021\/10\/IMG_0357-1-1536x2048.jpg 1536w, https:\/\/museu.detic.unicamp.br\/museu\/wp-content\/uploads\/sites\/9\/2021\/10\/IMG_0357-1-scaled.jpg 1920w\" sizes=\"(max-width: 720px) 100vw, 720px\" \/><\/a>\n\t\t\t<\/div><\/figure><figure class='gallery-item'>\n\t\t\t<div class='gallery-icon portrait'>\n\t\t\t\t<a data-elementor-open-lightbox=\"yes\" data-elementor-lightbox-slideshow=\"fb25ec3\" data-elementor-lightbox-title=\"IMG_0358\" data-e-action-hash=\"#elementor-action%3Aaction%3Dlightbox%26settings%3DeyJpZCI6NDE1MywidXJsIjoiaHR0cHM6XC9cL211c2V1LmRldGljLnVuaWNhbXAuYnJcL211c2V1XC93cC1jb250ZW50XC91cGxvYWRzXC9zaXRlc1wvOVwvMjAyMVwvMTBcL0lNR18wMzU4LTEtc2NhbGVkLmpwZyIsInNsaWRlc2hvdyI6ImZiMjVlYzMifQ%3D%3D\" href='https:\/\/museu.detic.unicamp.br\/museu\/wp-content\/uploads\/sites\/9\/2021\/10\/IMG_0358-1-scaled.jpg'><img loading=\"lazy\" decoding=\"async\" width=\"720\" height=\"960\" src=\"https:\/\/museu.detic.unicamp.br\/museu\/wp-content\/uploads\/sites\/9\/2021\/10\/IMG_0358-1-768x1024.jpg\" class=\"attachment-large size-large\" alt=\"\" srcset=\"https:\/\/museu.detic.unicamp.br\/museu\/wp-content\/uploads\/sites\/9\/2021\/10\/IMG_0358-1-768x1024.jpg 768w, https:\/\/museu.detic.unicamp.br\/museu\/wp-content\/uploads\/sites\/9\/2021\/10\/IMG_0358-1-225x300.jpg 225w, https:\/\/museu.detic.unicamp.br\/museu\/wp-content\/uploads\/sites\/9\/2021\/10\/IMG_0358-1-1152x1536.jpg 1152w, https:\/\/museu.detic.unicamp.br\/museu\/wp-content\/uploads\/sites\/9\/2021\/10\/IMG_0358-1-1536x2048.jpg 1536w, https:\/\/museu.detic.unicamp.br\/museu\/wp-content\/uploads\/sites\/9\/2021\/10\/IMG_0358-1-scaled.jpg 1920w\" sizes=\"(max-width: 720px) 100vw, 720px\" \/><\/a>\n\t\t\t<\/div><\/figure><figure class='gallery-item'>\n\t\t\t<div class='gallery-icon portrait'>\n\t\t\t\t<a data-elementor-open-lightbox=\"yes\" data-elementor-lightbox-slideshow=\"fb25ec3\" data-elementor-lightbox-title=\"IMG_0359\" data-e-action-hash=\"#elementor-action%3Aaction%3Dlightbox%26settings%3DeyJpZCI6NDE1NCwidXJsIjoiaHR0cHM6XC9cL211c2V1LmRldGljLnVuaWNhbXAuYnJcL211c2V1XC93cC1jb250ZW50XC91cGxvYWRzXC9zaXRlc1wvOVwvMjAyMVwvMTBcL0lNR18wMzU5LTEtc2NhbGVkLmpwZyIsInNsaWRlc2hvdyI6ImZiMjVlYzMifQ%3D%3D\" href='https:\/\/museu.detic.unicamp.br\/museu\/wp-content\/uploads\/sites\/9\/2021\/10\/IMG_0359-1-scaled.jpg'><img loading=\"lazy\" decoding=\"async\" width=\"720\" height=\"960\" src=\"https:\/\/museu.detic.unicamp.br\/museu\/wp-content\/uploads\/sites\/9\/2021\/10\/IMG_0359-1-768x1024.jpg\" class=\"attachment-large size-large\" alt=\"\" srcset=\"https:\/\/museu.detic.unicamp.br\/museu\/wp-content\/uploads\/sites\/9\/2021\/10\/IMG_0359-1-768x1024.jpg 768w, https:\/\/museu.detic.unicamp.br\/museu\/wp-content\/uploads\/sites\/9\/2021\/10\/IMG_0359-1-225x300.jpg 225w, https:\/\/museu.detic.unicamp.br\/museu\/wp-content\/uploads\/sites\/9\/2021\/10\/IMG_0359-1-1152x1536.jpg 1152w, https:\/\/museu.detic.unicamp.br\/museu\/wp-content\/uploads\/sites\/9\/2021\/10\/IMG_0359-1-1536x2048.jpg 1536w, https:\/\/museu.detic.unicamp.br\/museu\/wp-content\/uploads\/sites\/9\/2021\/10\/IMG_0359-1-scaled.jpg 1920w\" sizes=\"(max-width: 720px) 100vw, 720px\" \/><\/a>\n\t\t\t<\/div><\/figure><figure class='gallery-item'>\n\t\t\t<div class='gallery-icon portrait'>\n\t\t\t\t<a data-elementor-open-lightbox=\"yes\" data-elementor-lightbox-slideshow=\"fb25ec3\" data-elementor-lightbox-title=\"IMG_0360\" data-e-action-hash=\"#elementor-action%3Aaction%3Dlightbox%26settings%3DeyJpZCI6NDE1NSwidXJsIjoiaHR0cHM6XC9cL211c2V1LmRldGljLnVuaWNhbXAuYnJcL211c2V1XC93cC1jb250ZW50XC91cGxvYWRzXC9zaXRlc1wvOVwvMjAyMVwvMTBcL0lNR18wMzYwLTEtc2NhbGVkLmpwZyIsInNsaWRlc2hvdyI6ImZiMjVlYzMifQ%3D%3D\" href='https:\/\/museu.detic.unicamp.br\/museu\/wp-content\/uploads\/sites\/9\/2021\/10\/IMG_0360-1-scaled.jpg'><img loading=\"lazy\" decoding=\"async\" width=\"720\" height=\"960\" src=\"https:\/\/museu.detic.unicamp.br\/museu\/wp-content\/uploads\/sites\/9\/2021\/10\/IMG_0360-1-768x1024.jpg\" class=\"attachment-large size-large\" alt=\"\" srcset=\"https:\/\/museu.detic.unicamp.br\/museu\/wp-content\/uploads\/sites\/9\/2021\/10\/IMG_0360-1-768x1024.jpg 768w, https:\/\/museu.detic.unicamp.br\/museu\/wp-content\/uploads\/sites\/9\/2021\/10\/IMG_0360-1-225x300.jpg 225w, https:\/\/museu.detic.unicamp.br\/museu\/wp-content\/uploads\/sites\/9\/2021\/10\/IMG_0360-1-1152x1536.jpg 1152w, https:\/\/museu.detic.unicamp.br\/museu\/wp-content\/uploads\/sites\/9\/2021\/10\/IMG_0360-1-1536x2048.jpg 1536w, https:\/\/museu.detic.unicamp.br\/museu\/wp-content\/uploads\/sites\/9\/2021\/10\/IMG_0360-1-scaled.jpg 1920w\" sizes=\"(max-width: 720px) 100vw, 720px\" \/><\/a>\n\t\t\t<\/div><\/figure>\n\t\t<\/div>\n\t\t<\/div>\n\t\t\t\t\t\t<\/div>\n\t\t\t\t<\/div>\n\t\t\t\t\t<\/div>\n\t\t<\/div>\n\t\t\t\t\t<\/div>\n\t\t<\/section>\n\t\t\t\t<\/div>\n\t\t","protected":false},"excerpt":{"rendered":"","protected":false},"author":1,"featured_media":0,"parent":321,"menu_order":0,"comment_status":"closed","ping_status":"closed","template":"","meta":{"_crdt_document":"","ngg_post_thumbnail":0,"footnotes":""},"class_list":["post-2371","page","type-page","status-publish","hentry"],"yoast_head":"<!-- This site is optimized with the Yoast SEO plugin v27.2 - https:\/\/yoast.com\/product\/yoast-seo-wordpress\/ -->\n<title>Processadores e Mem\u00f3rias - Museu de Inform\u00e1tica da Unicamp<\/title>\n<meta name=\"robots\" content=\"index, follow, max-snippet:-1, max-image-preview:large, max-video-preview:-1\" \/>\n<link rel=\"canonical\" href=\"https:\/\/museu.detic.unicamp.br\/museu\/?page_id=2371\" \/>\n<meta property=\"og:locale\" content=\"pt_BR\" \/>\n<meta property=\"og:type\" content=\"article\" \/>\n<meta property=\"og:title\" content=\"Processadores e Mem\u00f3rias - Museu de Inform\u00e1tica da Unicamp\" \/>\n<meta property=\"og:url\" content=\"https:\/\/museu.detic.unicamp.br\/museu\/?page_id=2371\" \/>\n<meta property=\"og:site_name\" content=\"Museu de Inform\u00e1tica da Unicamp\" \/>\n<meta property=\"article:modified_time\" content=\"2021-10-22T15:46:29+00:00\" \/>\n<meta property=\"og:image\" content=\"https:\/\/www.ccuec.unicamp.br\/museu\/wp-content\/uploads\/sites\/9\/2021\/10\/IMG_0354-1-768x1024.jpg\" \/>\n<meta name=\"twitter:card\" content=\"summary_large_image\" \/>\n<meta name=\"twitter:label1\" content=\"Est. tempo de leitura\" \/>\n\t<meta name=\"twitter:data1\" content=\"2 minutos\" \/>\n<script type=\"application\/ld+json\" class=\"yoast-schema-graph\">{\"@context\":\"https:\/\/schema.org\",\"@graph\":[{\"@type\":\"WebPage\",\"@id\":\"https:\/\/museu.detic.unicamp.br\/museu\/?page_id=2371\",\"url\":\"https:\/\/museu.detic.unicamp.br\/museu\/?page_id=2371\",\"name\":\"Processadores e Mem\u00f3rias - Museu de Inform\u00e1tica da Unicamp\",\"isPartOf\":{\"@id\":\"https:\/\/museu.detic.unicamp.br\/museu\/#website\"},\"primaryImageOfPage\":{\"@id\":\"https:\/\/museu.detic.unicamp.br\/museu\/?page_id=2371#primaryimage\"},\"image\":{\"@id\":\"https:\/\/museu.detic.unicamp.br\/museu\/?page_id=2371#primaryimage\"},\"thumbnailUrl\":\"https:\/\/www.ccuec.unicamp.br\/museu\/wp-content\/uploads\/sites\/9\/2021\/10\/IMG_0354-1-768x1024.jpg\",\"datePublished\":\"2015-08-04T12:57:08+00:00\",\"dateModified\":\"2021-10-22T15:46:29+00:00\",\"breadcrumb\":{\"@id\":\"https:\/\/museu.detic.unicamp.br\/museu\/?page_id=2371#breadcrumb\"},\"inLanguage\":\"pt-BR\",\"potentialAction\":[{\"@type\":\"ReadAction\",\"target\":[\"https:\/\/museu.detic.unicamp.br\/museu\/?page_id=2371\"]}]},{\"@type\":\"ImageObject\",\"inLanguage\":\"pt-BR\",\"@id\":\"https:\/\/museu.detic.unicamp.br\/museu\/?page_id=2371#primaryimage\",\"url\":\"https:\/\/www.ccuec.unicamp.br\/museu\/wp-content\/uploads\/sites\/9\/2021\/10\/IMG_0354-1-768x1024.jpg\",\"contentUrl\":\"https:\/\/www.ccuec.unicamp.br\/museu\/wp-content\/uploads\/sites\/9\/2021\/10\/IMG_0354-1-768x1024.jpg\"},{\"@type\":\"BreadcrumbList\",\"@id\":\"https:\/\/museu.detic.unicamp.br\/museu\/?page_id=2371#breadcrumb\",\"itemListElement\":[{\"@type\":\"ListItem\",\"position\":1,\"name\":\"In\u00edcio\",\"item\":\"https:\/\/museu.detic.unicamp.br\/museu\/\"},{\"@type\":\"ListItem\",\"position\":2,\"name\":\"Galerias\",\"item\":\"https:\/\/museu.detic.unicamp.br\/museu\/?page_id=321\"},{\"@type\":\"ListItem\",\"position\":3,\"name\":\"Processadores e Mem\u00f3rias\"}]},{\"@type\":\"WebSite\",\"@id\":\"https:\/\/museu.detic.unicamp.br\/museu\/#website\",\"url\":\"https:\/\/museu.detic.unicamp.br\/museu\/\",\"name\":\"Museu de Inform\u00e1tica da Unicamp\",\"description\":\"Museu cont\u00e9m equipamentos que est\u00e3o ligados \u00e0 hist\u00f3ria da inform\u00e1tica na UNICAMP\",\"potentialAction\":[{\"@type\":\"SearchAction\",\"target\":{\"@type\":\"EntryPoint\",\"urlTemplate\":\"https:\/\/museu.detic.unicamp.br\/museu\/?s={search_term_string}\"},\"query-input\":{\"@type\":\"PropertyValueSpecification\",\"valueRequired\":true,\"valueName\":\"search_term_string\"}}],\"inLanguage\":\"pt-BR\"}]}<\/script>\n<!-- \/ Yoast SEO plugin. -->","yoast_head_json":{"title":"Processadores e Mem\u00f3rias - Museu de Inform\u00e1tica da Unicamp","robots":{"index":"index","follow":"follow","max-snippet":"max-snippet:-1","max-image-preview":"max-image-preview:large","max-video-preview":"max-video-preview:-1"},"canonical":"https:\/\/museu.detic.unicamp.br\/museu\/?page_id=2371","og_locale":"pt_BR","og_type":"article","og_title":"Processadores e Mem\u00f3rias - Museu de Inform\u00e1tica da Unicamp","og_url":"https:\/\/museu.detic.unicamp.br\/museu\/?page_id=2371","og_site_name":"Museu de Inform\u00e1tica da Unicamp","article_modified_time":"2021-10-22T15:46:29+00:00","og_image":[{"url":"https:\/\/www.ccuec.unicamp.br\/museu\/wp-content\/uploads\/sites\/9\/2021\/10\/IMG_0354-1-768x1024.jpg","type":"","width":"","height":""}],"twitter_card":"summary_large_image","twitter_misc":{"Est. tempo de leitura":"2 minutos"},"schema":{"@context":"https:\/\/schema.org","@graph":[{"@type":"WebPage","@id":"https:\/\/museu.detic.unicamp.br\/museu\/?page_id=2371","url":"https:\/\/museu.detic.unicamp.br\/museu\/?page_id=2371","name":"Processadores e Mem\u00f3rias - Museu de Inform\u00e1tica da Unicamp","isPartOf":{"@id":"https:\/\/museu.detic.unicamp.br\/museu\/#website"},"primaryImageOfPage":{"@id":"https:\/\/museu.detic.unicamp.br\/museu\/?page_id=2371#primaryimage"},"image":{"@id":"https:\/\/museu.detic.unicamp.br\/museu\/?page_id=2371#primaryimage"},"thumbnailUrl":"https:\/\/www.ccuec.unicamp.br\/museu\/wp-content\/uploads\/sites\/9\/2021\/10\/IMG_0354-1-768x1024.jpg","datePublished":"2015-08-04T12:57:08+00:00","dateModified":"2021-10-22T15:46:29+00:00","breadcrumb":{"@id":"https:\/\/museu.detic.unicamp.br\/museu\/?page_id=2371#breadcrumb"},"inLanguage":"pt-BR","potentialAction":[{"@type":"ReadAction","target":["https:\/\/museu.detic.unicamp.br\/museu\/?page_id=2371"]}]},{"@type":"ImageObject","inLanguage":"pt-BR","@id":"https:\/\/museu.detic.unicamp.br\/museu\/?page_id=2371#primaryimage","url":"https:\/\/www.ccuec.unicamp.br\/museu\/wp-content\/uploads\/sites\/9\/2021\/10\/IMG_0354-1-768x1024.jpg","contentUrl":"https:\/\/www.ccuec.unicamp.br\/museu\/wp-content\/uploads\/sites\/9\/2021\/10\/IMG_0354-1-768x1024.jpg"},{"@type":"BreadcrumbList","@id":"https:\/\/museu.detic.unicamp.br\/museu\/?page_id=2371#breadcrumb","itemListElement":[{"@type":"ListItem","position":1,"name":"In\u00edcio","item":"https:\/\/museu.detic.unicamp.br\/museu\/"},{"@type":"ListItem","position":2,"name":"Galerias","item":"https:\/\/museu.detic.unicamp.br\/museu\/?page_id=321"},{"@type":"ListItem","position":3,"name":"Processadores e Mem\u00f3rias"}]},{"@type":"WebSite","@id":"https:\/\/museu.detic.unicamp.br\/museu\/#website","url":"https:\/\/museu.detic.unicamp.br\/museu\/","name":"Museu de Inform\u00e1tica da Unicamp","description":"Museu cont\u00e9m equipamentos que est\u00e3o ligados \u00e0 hist\u00f3ria da inform\u00e1tica na UNICAMP","potentialAction":[{"@type":"SearchAction","target":{"@type":"EntryPoint","urlTemplate":"https:\/\/museu.detic.unicamp.br\/museu\/?s={search_term_string}"},"query-input":{"@type":"PropertyValueSpecification","valueRequired":true,"valueName":"search_term_string"}}],"inLanguage":"pt-BR"}]}},"_links":{"self":[{"href":"https:\/\/museu.detic.unicamp.br\/museu\/index.php?rest_route=\/wp\/v2\/pages\/2371","targetHints":{"allow":["GET"]}}],"collection":[{"href":"https:\/\/museu.detic.unicamp.br\/museu\/index.php?rest_route=\/wp\/v2\/pages"}],"about":[{"href":"https:\/\/museu.detic.unicamp.br\/museu\/index.php?rest_route=\/wp\/v2\/types\/page"}],"author":[{"embeddable":true,"href":"https:\/\/museu.detic.unicamp.br\/museu\/index.php?rest_route=\/wp\/v2\/users\/1"}],"replies":[{"embeddable":true,"href":"https:\/\/museu.detic.unicamp.br\/museu\/index.php?rest_route=%2Fwp%2Fv2%2Fcomments&post=2371"}],"version-history":[{"count":19,"href":"https:\/\/museu.detic.unicamp.br\/museu\/index.php?rest_route=\/wp\/v2\/pages\/2371\/revisions"}],"predecessor-version":[{"id":4172,"href":"https:\/\/museu.detic.unicamp.br\/museu\/index.php?rest_route=\/wp\/v2\/pages\/2371\/revisions\/4172"}],"up":[{"embeddable":true,"href":"https:\/\/museu.detic.unicamp.br\/museu\/index.php?rest_route=\/wp\/v2\/pages\/321"}],"wp:attachment":[{"href":"https:\/\/museu.detic.unicamp.br\/museu\/index.php?rest_route=%2Fwp%2Fv2%2Fmedia&parent=2371"}],"curies":[{"name":"wp","href":"https:\/\/api.w.org\/{rel}","templated":true}]}}