{"id":1169,"date":"2015-09-09T14:57:51","date_gmt":"2015-09-09T14:57:51","guid":{"rendered":"https:\/\/titan.ccuec.unicamp.br\/museu\/?page_id=1169"},"modified":"2021-11-19T10:18:07","modified_gmt":"2021-11-19T13:18:07","slug":"informacoes-adicionais","status":"publish","type":"page","link":"https:\/\/museu.detic.unicamp.br\/museu\/?page_id=1169","title":{"rendered":"Informa\u00e7\u00f5es Adicionais"},"content":{"rendered":"\t\t<div data-elementor-type=\"wp-page\" data-elementor-id=\"1169\" class=\"elementor elementor-1169\">\n\t\t\t\t\t\t<section class=\"elementor-section elementor-top-section elementor-element elementor-element-f21e060 elementor-section-boxed elementor-section-height-default elementor-section-height-default\" data-id=\"f21e060\" data-element_type=\"section\" data-e-type=\"section\">\n\t\t\t\t\t\t<div class=\"elementor-container elementor-column-gap-default\">\n\t\t\t\t\t<div class=\"elementor-column elementor-col-100 elementor-top-column elementor-element elementor-element-17aec75\" data-id=\"17aec75\" data-element_type=\"column\" data-e-type=\"column\">\n\t\t\t<div class=\"elementor-widget-wrap elementor-element-populated\">\n\t\t\t\t\t\t<div class=\"elementor-element elementor-element-24d6938 gallery-spacing-custom elementor-widget elementor-widget-image-gallery\" data-id=\"24d6938\" data-element_type=\"widget\" data-e-type=\"widget\" data-widget_type=\"image-gallery.default\">\n\t\t\t\t<div class=\"elementor-widget-container\">\n\t\t\t\t\t\t\t<div class=\"elementor-image-gallery\">\n\t\t\t<div id='gallery-1' class='gallery galleryid-1169 gallery-columns-3 gallery-size-medium'><figure class='gallery-item'>\n\t\t\t<div class='gallery-icon portrait'>\n\t\t\t\t<a data-elementor-open-lightbox=\"yes\" data-elementor-lightbox-slideshow=\"24d6938\" data-elementor-lightbox-title=\"1Banner-BemVindo\" data-e-action-hash=\"#elementor-action%3Aaction%3Dlightbox%26settings%3DeyJpZCI6NDE3NCwidXJsIjoiaHR0cHM6XC9cL211c2V1LmRldGljLnVuaWNhbXAuYnJcL211c2V1XC93cC1jb250ZW50XC91cGxvYWRzXC9zaXRlc1wvOVwvMjAyMVwvMTBcLzFCYW5uZXItQmVtVmluZG8tc2NhbGVkLmpwZyIsInNsaWRlc2hvdyI6IjI0ZDY5MzgifQ%3D%3D\" href='https:\/\/museu.detic.unicamp.br\/museu\/wp-content\/uploads\/sites\/9\/2021\/10\/1Banner-BemVindo-scaled.jpg'><img fetchpriority=\"high\" decoding=\"async\" width=\"225\" height=\"300\" src=\"https:\/\/museu.detic.unicamp.br\/museu\/wp-content\/uploads\/sites\/9\/2021\/10\/1Banner-BemVindo-225x300.jpg\" class=\"attachment-medium size-medium\" alt=\"\" aria-describedby=\"gallery-1-4174\" srcset=\"https:\/\/museu.detic.unicamp.br\/museu\/wp-content\/uploads\/sites\/9\/2021\/10\/1Banner-BemVindo-225x300.jpg 225w, https:\/\/museu.detic.unicamp.br\/museu\/wp-content\/uploads\/sites\/9\/2021\/10\/1Banner-BemVindo-768x1024.jpg 768w, https:\/\/museu.detic.unicamp.br\/museu\/wp-content\/uploads\/sites\/9\/2021\/10\/1Banner-BemVindo-1152x1536.jpg 1152w, https:\/\/museu.detic.unicamp.br\/museu\/wp-content\/uploads\/sites\/9\/2021\/10\/1Banner-BemVindo-1536x2048.jpg 1536w, https:\/\/museu.detic.unicamp.br\/museu\/wp-content\/uploads\/sites\/9\/2021\/10\/1Banner-BemVindo-scaled.jpg 1920w\" sizes=\"(max-width: 225px) 100vw, 225px\" \/><\/a>\n\t\t\t<\/div>\n\t\t\t\t<figcaption class='wp-caption-text gallery-caption' id='gallery-1-4174'>\n\t\t\t\t1 &#8211; Banner-BemVindo\n\t\t\t\t<\/figcaption><\/figure><figure class='gallery-item'>\n\t\t\t<div class='gallery-icon portrait'>\n\t\t\t\t<a data-elementor-open-lightbox=\"yes\" data-elementor-lightbox-slideshow=\"24d6938\" data-elementor-lightbox-title=\"2Banner-Entrada-Saida\" data-e-action-hash=\"#elementor-action%3Aaction%3Dlightbox%26settings%3DeyJpZCI6NDE3NSwidXJsIjoiaHR0cHM6XC9cL211c2V1LmRldGljLnVuaWNhbXAuYnJcL211c2V1XC93cC1jb250ZW50XC91cGxvYWRzXC9zaXRlc1wvOVwvMjAyMVwvMTBcLzJCYW5uZXItRW50cmFkYS1TYWlkYS1zY2FsZWQuanBnIiwic2xpZGVzaG93IjoiMjRkNjkzOCJ9\" href='https:\/\/museu.detic.unicamp.br\/museu\/wp-content\/uploads\/sites\/9\/2021\/10\/2Banner-Entrada-Saida-scaled.jpg'><img decoding=\"async\" width=\"225\" height=\"300\" src=\"https:\/\/museu.detic.unicamp.br\/museu\/wp-content\/uploads\/sites\/9\/2021\/10\/2Banner-Entrada-Saida-225x300.jpg\" class=\"attachment-medium size-medium\" alt=\"\" aria-describedby=\"gallery-1-4175\" srcset=\"https:\/\/museu.detic.unicamp.br\/museu\/wp-content\/uploads\/sites\/9\/2021\/10\/2Banner-Entrada-Saida-225x300.jpg 225w, https:\/\/museu.detic.unicamp.br\/museu\/wp-content\/uploads\/sites\/9\/2021\/10\/2Banner-Entrada-Saida-768x1024.jpg 768w, https:\/\/museu.detic.unicamp.br\/museu\/wp-content\/uploads\/sites\/9\/2021\/10\/2Banner-Entrada-Saida-1152x1536.jpg 1152w, https:\/\/museu.detic.unicamp.br\/museu\/wp-content\/uploads\/sites\/9\/2021\/10\/2Banner-Entrada-Saida-1536x2048.jpg 1536w, https:\/\/museu.detic.unicamp.br\/museu\/wp-content\/uploads\/sites\/9\/2021\/10\/2Banner-Entrada-Saida-scaled.jpg 1920w\" sizes=\"(max-width: 225px) 100vw, 225px\" \/><\/a>\n\t\t\t<\/div>\n\t\t\t\t<figcaption class='wp-caption-text gallery-caption' id='gallery-1-4175'>\n\t\t\t\t2 &#8211; Banner-Entrada-Saida\n\t\t\t\t<\/figcaption><\/figure><figure class='gallery-item'>\n\t\t\t<div class='gallery-icon portrait'>\n\t\t\t\t<a data-elementor-open-lightbox=\"yes\" data-elementor-lightbox-slideshow=\"24d6938\" data-elementor-lightbox-title=\"3Banner-Micro-Servidores\" data-e-action-hash=\"#elementor-action%3Aaction%3Dlightbox%26settings%3DeyJpZCI6NDE3NiwidXJsIjoiaHR0cHM6XC9cL211c2V1LmRldGljLnVuaWNhbXAuYnJcL211c2V1XC93cC1jb250ZW50XC91cGxvYWRzXC9zaXRlc1wvOVwvMjAyMVwvMTBcLzNCYW5uZXItTWljcm8tU2Vydmlkb3Jlcy5qcGciLCJzbGlkZXNob3ciOiIyNGQ2OTM4In0%3D\" href='https:\/\/museu.detic.unicamp.br\/museu\/wp-content\/uploads\/sites\/9\/2021\/10\/3Banner-Micro-Servidores.jpg'><img decoding=\"async\" width=\"225\" height=\"300\" src=\"https:\/\/museu.detic.unicamp.br\/museu\/wp-content\/uploads\/sites\/9\/2021\/10\/3Banner-Micro-Servidores-225x300.jpg\" class=\"attachment-medium size-medium\" alt=\"\" aria-describedby=\"gallery-1-4176\" srcset=\"https:\/\/museu.detic.unicamp.br\/museu\/wp-content\/uploads\/sites\/9\/2021\/10\/3Banner-Micro-Servidores-225x300.jpg 225w, https:\/\/museu.detic.unicamp.br\/museu\/wp-content\/uploads\/sites\/9\/2021\/10\/3Banner-Micro-Servidores-768x1024.jpg 768w, https:\/\/museu.detic.unicamp.br\/museu\/wp-content\/uploads\/sites\/9\/2021\/10\/3Banner-Micro-Servidores-1152x1536.jpg 1152w, https:\/\/museu.detic.unicamp.br\/museu\/wp-content\/uploads\/sites\/9\/2021\/10\/3Banner-Micro-Servidores-1536x2048.jpg 1536w, https:\/\/museu.detic.unicamp.br\/museu\/wp-content\/uploads\/sites\/9\/2021\/10\/3Banner-Micro-Servidores.jpg 1862w\" sizes=\"(max-width: 225px) 100vw, 225px\" \/><\/a>\n\t\t\t<\/div>\n\t\t\t\t<figcaption class='wp-caption-text gallery-caption' id='gallery-1-4176'>\n\t\t\t\t3 &#8211; Banner-Micro-Servidores\n\t\t\t\t<\/figcaption><\/figure><figure class='gallery-item'>\n\t\t\t<div class='gallery-icon portrait'>\n\t\t\t\t<a data-elementor-open-lightbox=\"yes\" data-elementor-lightbox-slideshow=\"24d6938\" data-elementor-lightbox-title=\"4Banner-Redes\" data-e-action-hash=\"#elementor-action%3Aaction%3Dlightbox%26settings%3DeyJpZCI6NDE3NywidXJsIjoiaHR0cHM6XC9cL211c2V1LmRldGljLnVuaWNhbXAuYnJcL211c2V1XC93cC1jb250ZW50XC91cGxvYWRzXC9zaXRlc1wvOVwvMjAyMVwvMTBcLzRCYW5uZXItUmVkZXMtc2NhbGVkLmpwZyIsInNsaWRlc2hvdyI6IjI0ZDY5MzgifQ%3D%3D\" href='https:\/\/museu.detic.unicamp.br\/museu\/wp-content\/uploads\/sites\/9\/2021\/10\/4Banner-Redes-scaled.jpg'><img loading=\"lazy\" decoding=\"async\" width=\"225\" height=\"300\" src=\"https:\/\/museu.detic.unicamp.br\/museu\/wp-content\/uploads\/sites\/9\/2021\/10\/4Banner-Redes-225x300.jpg\" class=\"attachment-medium size-medium\" alt=\"\" aria-describedby=\"gallery-1-4177\" srcset=\"https:\/\/museu.detic.unicamp.br\/museu\/wp-content\/uploads\/sites\/9\/2021\/10\/4Banner-Redes-225x300.jpg 225w, https:\/\/museu.detic.unicamp.br\/museu\/wp-content\/uploads\/sites\/9\/2021\/10\/4Banner-Redes-768x1024.jpg 768w, https:\/\/museu.detic.unicamp.br\/museu\/wp-content\/uploads\/sites\/9\/2021\/10\/4Banner-Redes-1152x1536.jpg 1152w, https:\/\/museu.detic.unicamp.br\/museu\/wp-content\/uploads\/sites\/9\/2021\/10\/4Banner-Redes-1536x2048.jpg 1536w, https:\/\/museu.detic.unicamp.br\/museu\/wp-content\/uploads\/sites\/9\/2021\/10\/4Banner-Redes-scaled.jpg 1920w\" sizes=\"(max-width: 225px) 100vw, 225px\" \/><\/a>\n\t\t\t<\/div>\n\t\t\t\t<figcaption class='wp-caption-text gallery-caption' id='gallery-1-4177'>\n\t\t\t\t4 &#8211; Banner-Redes\n\t\t\t\t<\/figcaption><\/figure><figure class='gallery-item'>\n\t\t\t<div class='gallery-icon portrait'>\n\t\t\t\t<a data-elementor-open-lightbox=\"yes\" data-elementor-lightbox-slideshow=\"24d6938\" data-elementor-lightbox-title=\"5Banner-Lei-Informatica\" data-e-action-hash=\"#elementor-action%3Aaction%3Dlightbox%26settings%3DeyJpZCI6NDE3OCwidXJsIjoiaHR0cHM6XC9cL211c2V1LmRldGljLnVuaWNhbXAuYnJcL211c2V1XC93cC1jb250ZW50XC91cGxvYWRzXC9zaXRlc1wvOVwvMjAyMVwvMTBcLzVCYW5uZXItTGVpLUluZm9ybWF0aWNhLXNjYWxlZC5qcGciLCJzbGlkZXNob3ciOiIyNGQ2OTM4In0%3D\" href='https:\/\/museu.detic.unicamp.br\/museu\/wp-content\/uploads\/sites\/9\/2021\/10\/5Banner-Lei-Informatica-scaled.jpg'><img loading=\"lazy\" decoding=\"async\" width=\"225\" height=\"300\" src=\"https:\/\/museu.detic.unicamp.br\/museu\/wp-content\/uploads\/sites\/9\/2021\/10\/5Banner-Lei-Informatica-225x300.jpg\" class=\"attachment-medium size-medium\" alt=\"\" aria-describedby=\"gallery-1-4178\" srcset=\"https:\/\/museu.detic.unicamp.br\/museu\/wp-content\/uploads\/sites\/9\/2021\/10\/5Banner-Lei-Informatica-225x300.jpg 225w, https:\/\/museu.detic.unicamp.br\/museu\/wp-content\/uploads\/sites\/9\/2021\/10\/5Banner-Lei-Informatica-768x1024.jpg 768w, https:\/\/museu.detic.unicamp.br\/museu\/wp-content\/uploads\/sites\/9\/2021\/10\/5Banner-Lei-Informatica-1152x1536.jpg 1152w, https:\/\/museu.detic.unicamp.br\/museu\/wp-content\/uploads\/sites\/9\/2021\/10\/5Banner-Lei-Informatica-1536x2048.jpg 1536w, https:\/\/museu.detic.unicamp.br\/museu\/wp-content\/uploads\/sites\/9\/2021\/10\/5Banner-Lei-Informatica-scaled.jpg 1920w\" sizes=\"(max-width: 225px) 100vw, 225px\" \/><\/a>\n\t\t\t<\/div>\n\t\t\t\t<figcaption class='wp-caption-text gallery-caption' id='gallery-1-4178'>\n\t\t\t\t5 &#8211; Banner-Lei-Informatica\n\t\t\t\t<\/figcaption><\/figure><figure class='gallery-item'>\n\t\t\t<div class='gallery-icon portrait'>\n\t\t\t\t<a data-elementor-open-lightbox=\"yes\" data-elementor-lightbox-slideshow=\"24d6938\" data-elementor-lightbox-title=\"6Banner-AGC-Apollo\" data-e-action-hash=\"#elementor-action%3Aaction%3Dlightbox%26settings%3DeyJpZCI6NDE3OSwidXJsIjoiaHR0cHM6XC9cL211c2V1LmRldGljLnVuaWNhbXAuYnJcL211c2V1XC93cC1jb250ZW50XC91cGxvYWRzXC9zaXRlc1wvOVwvMjAyMVwvMTBcLzZCYW5uZXItQUdDLUFwb2xsby1zY2FsZWQuanBnIiwic2xpZGVzaG93IjoiMjRkNjkzOCJ9\" href='https:\/\/museu.detic.unicamp.br\/museu\/wp-content\/uploads\/sites\/9\/2021\/10\/6Banner-AGC-Apollo-scaled.jpg'><img loading=\"lazy\" decoding=\"async\" width=\"225\" height=\"300\" src=\"https:\/\/museu.detic.unicamp.br\/museu\/wp-content\/uploads\/sites\/9\/2021\/10\/6Banner-AGC-Apollo-225x300.jpg\" class=\"attachment-medium size-medium\" alt=\"\" aria-describedby=\"gallery-1-4179\" srcset=\"https:\/\/museu.detic.unicamp.br\/museu\/wp-content\/uploads\/sites\/9\/2021\/10\/6Banner-AGC-Apollo-225x300.jpg 225w, https:\/\/museu.detic.unicamp.br\/museu\/wp-content\/uploads\/sites\/9\/2021\/10\/6Banner-AGC-Apollo-768x1024.jpg 768w, https:\/\/museu.detic.unicamp.br\/museu\/wp-content\/uploads\/sites\/9\/2021\/10\/6Banner-AGC-Apollo-1152x1536.jpg 1152w, https:\/\/museu.detic.unicamp.br\/museu\/wp-content\/uploads\/sites\/9\/2021\/10\/6Banner-AGC-Apollo-1536x2048.jpg 1536w, https:\/\/museu.detic.unicamp.br\/museu\/wp-content\/uploads\/sites\/9\/2021\/10\/6Banner-AGC-Apollo-scaled.jpg 1920w\" sizes=\"(max-width: 225px) 100vw, 225px\" \/><\/a>\n\t\t\t<\/div>\n\t\t\t\t<figcaption class='wp-caption-text gallery-caption' id='gallery-1-4179'>\n\t\t\t\t6 &#8211; Banner-AGC-Apollo\n\t\t\t\t<\/figcaption><\/figure><figure class='gallery-item'>\n\t\t\t<div class='gallery-icon portrait'>\n\t\t\t\t<a data-elementor-open-lightbox=\"yes\" data-elementor-lightbox-slideshow=\"24d6938\" data-elementor-lightbox-title=\"7Banner-Armazenamento-Digital-A\" data-e-action-hash=\"#elementor-action%3Aaction%3Dlightbox%26settings%3DeyJpZCI6NDE4MCwidXJsIjoiaHR0cHM6XC9cL211c2V1LmRldGljLnVuaWNhbXAuYnJcL211c2V1XC93cC1jb250ZW50XC91cGxvYWRzXC9zaXRlc1wvOVwvMjAyMVwvMTBcLzdCYW5uZXItQXJtYXplbmFtZW50by1EaWdpdGFsLUEtc2NhbGVkLmpwZyIsInNsaWRlc2hvdyI6IjI0ZDY5MzgifQ%3D%3D\" href='https:\/\/museu.detic.unicamp.br\/museu\/wp-content\/uploads\/sites\/9\/2021\/10\/7Banner-Armazenamento-Digital-A-scaled.jpg'><img loading=\"lazy\" decoding=\"async\" width=\"225\" height=\"300\" src=\"https:\/\/museu.detic.unicamp.br\/museu\/wp-content\/uploads\/sites\/9\/2021\/10\/7Banner-Armazenamento-Digital-A-225x300.jpg\" class=\"attachment-medium size-medium\" alt=\"\" aria-describedby=\"gallery-1-4180\" srcset=\"https:\/\/museu.detic.unicamp.br\/museu\/wp-content\/uploads\/sites\/9\/2021\/10\/7Banner-Armazenamento-Digital-A-225x300.jpg 225w, https:\/\/museu.detic.unicamp.br\/museu\/wp-content\/uploads\/sites\/9\/2021\/10\/7Banner-Armazenamento-Digital-A-768x1024.jpg 768w, https:\/\/museu.detic.unicamp.br\/museu\/wp-content\/uploads\/sites\/9\/2021\/10\/7Banner-Armazenamento-Digital-A-1152x1536.jpg 1152w, https:\/\/museu.detic.unicamp.br\/museu\/wp-content\/uploads\/sites\/9\/2021\/10\/7Banner-Armazenamento-Digital-A-1536x2048.jpg 1536w, https:\/\/museu.detic.unicamp.br\/museu\/wp-content\/uploads\/sites\/9\/2021\/10\/7Banner-Armazenamento-Digital-A-scaled.jpg 1920w\" sizes=\"(max-width: 225px) 100vw, 225px\" \/><\/a>\n\t\t\t<\/div>\n\t\t\t\t<figcaption class='wp-caption-text gallery-caption' id='gallery-1-4180'>\n\t\t\t\t7 &#8211; Banner-Armazenamento-Digital-A\n\t\t\t\t<\/figcaption><\/figure><figure class='gallery-item'>\n\t\t\t<div class='gallery-icon portrait'>\n\t\t\t\t<a data-elementor-open-lightbox=\"yes\" data-elementor-lightbox-slideshow=\"24d6938\" data-elementor-lightbox-title=\"8Banner-Armazenamento-Digital-B\" data-e-action-hash=\"#elementor-action%3Aaction%3Dlightbox%26settings%3DeyJpZCI6NDE4MSwidXJsIjoiaHR0cHM6XC9cL211c2V1LmRldGljLnVuaWNhbXAuYnJcL211c2V1XC93cC1jb250ZW50XC91cGxvYWRzXC9zaXRlc1wvOVwvMjAyMVwvMTBcLzhCYW5uZXItQXJtYXplbmFtZW50by1EaWdpdGFsLUItc2NhbGVkLmpwZyIsInNsaWRlc2hvdyI6IjI0ZDY5MzgifQ%3D%3D\" href='https:\/\/museu.detic.unicamp.br\/museu\/wp-content\/uploads\/sites\/9\/2021\/10\/8Banner-Armazenamento-Digital-B-scaled.jpg'><img loading=\"lazy\" decoding=\"async\" width=\"225\" height=\"300\" src=\"https:\/\/museu.detic.unicamp.br\/museu\/wp-content\/uploads\/sites\/9\/2021\/10\/8Banner-Armazenamento-Digital-B-225x300.jpg\" class=\"attachment-medium size-medium\" alt=\"\" aria-describedby=\"gallery-1-4181\" srcset=\"https:\/\/museu.detic.unicamp.br\/museu\/wp-content\/uploads\/sites\/9\/2021\/10\/8Banner-Armazenamento-Digital-B-225x300.jpg 225w, https:\/\/museu.detic.unicamp.br\/museu\/wp-content\/uploads\/sites\/9\/2021\/10\/8Banner-Armazenamento-Digital-B-768x1024.jpg 768w, https:\/\/museu.detic.unicamp.br\/museu\/wp-content\/uploads\/sites\/9\/2021\/10\/8Banner-Armazenamento-Digital-B-1152x1536.jpg 1152w, https:\/\/museu.detic.unicamp.br\/museu\/wp-content\/uploads\/sites\/9\/2021\/10\/8Banner-Armazenamento-Digital-B-1536x2048.jpg 1536w, https:\/\/museu.detic.unicamp.br\/museu\/wp-content\/uploads\/sites\/9\/2021\/10\/8Banner-Armazenamento-Digital-B-scaled.jpg 1920w\" sizes=\"(max-width: 225px) 100vw, 225px\" \/><\/a>\n\t\t\t<\/div>\n\t\t\t\t<figcaption class='wp-caption-text gallery-caption' id='gallery-1-4181'>\n\t\t\t\t8 &#8211; Banner-Armazenamento-Digital-B\n\t\t\t\t<\/figcaption><\/figure><figure class='gallery-item'>\n\t\t\t<div class='gallery-icon portrait'>\n\t\t\t\t<a data-elementor-open-lightbox=\"yes\" data-elementor-lightbox-slideshow=\"24d6938\" data-elementor-lightbox-title=\"9Banner-Processador\" data-e-action-hash=\"#elementor-action%3Aaction%3Dlightbox%26settings%3DeyJpZCI6NDE4MiwidXJsIjoiaHR0cHM6XC9cL211c2V1LmRldGljLnVuaWNhbXAuYnJcL211c2V1XC93cC1jb250ZW50XC91cGxvYWRzXC9zaXRlc1wvOVwvMjAyMVwvMTBcLzlCYW5uZXItUHJvY2Vzc2Fkb3Itc2NhbGVkLmpwZyIsInNsaWRlc2hvdyI6IjI0ZDY5MzgifQ%3D%3D\" href='https:\/\/museu.detic.unicamp.br\/museu\/wp-content\/uploads\/sites\/9\/2021\/10\/9Banner-Processador-scaled.jpg'><img loading=\"lazy\" decoding=\"async\" width=\"225\" height=\"300\" src=\"https:\/\/museu.detic.unicamp.br\/museu\/wp-content\/uploads\/sites\/9\/2021\/10\/9Banner-Processador-225x300.jpg\" class=\"attachment-medium size-medium\" alt=\"\" aria-describedby=\"gallery-1-4182\" srcset=\"https:\/\/museu.detic.unicamp.br\/museu\/wp-content\/uploads\/sites\/9\/2021\/10\/9Banner-Processador-225x300.jpg 225w, https:\/\/museu.detic.unicamp.br\/museu\/wp-content\/uploads\/sites\/9\/2021\/10\/9Banner-Processador-768x1024.jpg 768w, https:\/\/museu.detic.unicamp.br\/museu\/wp-content\/uploads\/sites\/9\/2021\/10\/9Banner-Processador-1152x1536.jpg 1152w, https:\/\/museu.detic.unicamp.br\/museu\/wp-content\/uploads\/sites\/9\/2021\/10\/9Banner-Processador-1536x2048.jpg 1536w, https:\/\/museu.detic.unicamp.br\/museu\/wp-content\/uploads\/sites\/9\/2021\/10\/9Banner-Processador-scaled.jpg 1920w\" sizes=\"(max-width: 225px) 100vw, 225px\" \/><\/a>\n\t\t\t<\/div>\n\t\t\t\t<figcaption class='wp-caption-text gallery-caption' id='gallery-1-4182'>\n\t\t\t\t9 &#8211; Banner-Processador\n\t\t\t\t<\/figcaption><\/figure>\n\t\t<\/div>\n\t\t<\/div>\n\t\t\t\t\t\t<\/div>\n\t\t\t\t<\/div>\n\t\t\t\t\t<\/div>\n\t\t<\/div>\n\t\t\t\t\t<\/div>\n\t\t<\/section>\n\t\t\t\t<\/div>\n\t\t","protected":false},"excerpt":{"rendered":"<p>1 &#8211; Banner-BemVindo 2 &#8211; Banner-Entrada-Saida 3 &#8211; Banner-Micro-Servidores 4 &#8211; Banner-Redes 5 &#8211; Banner-Lei-Informatica 6 &#8211; Banner-AGC-Apollo 7 &#8211; Banner-Armazenamento-Digital-A 8 &#8211; Banner-Armazenamento-Digital-B 9 &#8211; Banner-Processador<\/p>\n","protected":false},"author":1,"featured_media":0,"parent":0,"menu_order":0,"comment_status":"closed","ping_status":"closed","template":"","meta":{"_crdt_document":"","ngg_post_thumbnail":0,"footnotes":""},"class_list":["post-1169","page","type-page","status-publish","hentry"],"yoast_head":"<!-- This site is optimized with the Yoast SEO plugin v27.2 - https:\/\/yoast.com\/product\/yoast-seo-wordpress\/ -->\n<title>Informa\u00e7\u00f5es Adicionais - Museu de Inform\u00e1tica da Unicamp<\/title>\n<meta name=\"robots\" content=\"index, follow, max-snippet:-1, max-image-preview:large, max-video-preview:-1\" \/>\n<link rel=\"canonical\" href=\"https:\/\/museu.detic.unicamp.br\/museu\/?page_id=1169\" \/>\n<meta property=\"og:locale\" content=\"pt_BR\" \/>\n<meta property=\"og:type\" content=\"article\" \/>\n<meta property=\"og:title\" content=\"Informa\u00e7\u00f5es Adicionais - Museu de Inform\u00e1tica da Unicamp\" \/>\n<meta property=\"og:description\" content=\"1 &#8211; Banner-BemVindo 2 &#8211; Banner-Entrada-Saida 3 &#8211; Banner-Micro-Servidores 4 &#8211; Banner-Redes 5 &#8211; Banner-Lei-Informatica 6 &#8211; Banner-AGC-Apollo 7 &#8211; Banner-Armazenamento-Digital-A 8 &#8211; Banner-Armazenamento-Digital-B 9 &#8211; Banner-Processador\" \/>\n<meta property=\"og:url\" content=\"https:\/\/museu.detic.unicamp.br\/museu\/?page_id=1169\" \/>\n<meta property=\"og:site_name\" content=\"Museu de Inform\u00e1tica da Unicamp\" \/>\n<meta property=\"article:modified_time\" content=\"2021-11-19T13:18:07+00:00\" \/>\n<meta property=\"og:image\" content=\"https:\/\/www.ccuec.unicamp.br\/museu\/wp-content\/uploads\/sites\/9\/2021\/10\/1Banner-BemVindo-225x300.jpg\" \/>\n<meta name=\"twitter:card\" content=\"summary_large_image\" \/>\n<meta name=\"twitter:label1\" content=\"Est. tempo de leitura\" \/>\n\t<meta name=\"twitter:data1\" content=\"2 minutos\" \/>\n<script type=\"application\/ld+json\" class=\"yoast-schema-graph\">{\"@context\":\"https:\/\/schema.org\",\"@graph\":[{\"@type\":\"WebPage\",\"@id\":\"https:\/\/museu.detic.unicamp.br\/museu\/?page_id=1169\",\"url\":\"https:\/\/museu.detic.unicamp.br\/museu\/?page_id=1169\",\"name\":\"Informa\u00e7\u00f5es Adicionais - Museu de Inform\u00e1tica da Unicamp\",\"isPartOf\":{\"@id\":\"https:\/\/museu.detic.unicamp.br\/museu\/#website\"},\"primaryImageOfPage\":{\"@id\":\"https:\/\/museu.detic.unicamp.br\/museu\/?page_id=1169#primaryimage\"},\"image\":{\"@id\":\"https:\/\/museu.detic.unicamp.br\/museu\/?page_id=1169#primaryimage\"},\"thumbnailUrl\":\"https:\/\/www.ccuec.unicamp.br\/museu\/wp-content\/uploads\/sites\/9\/2021\/10\/1Banner-BemVindo-225x300.jpg\",\"datePublished\":\"2015-09-09T14:57:51+00:00\",\"dateModified\":\"2021-11-19T13:18:07+00:00\",\"breadcrumb\":{\"@id\":\"https:\/\/museu.detic.unicamp.br\/museu\/?page_id=1169#breadcrumb\"},\"inLanguage\":\"pt-BR\",\"potentialAction\":[{\"@type\":\"ReadAction\",\"target\":[\"https:\/\/museu.detic.unicamp.br\/museu\/?page_id=1169\"]}]},{\"@type\":\"ImageObject\",\"inLanguage\":\"pt-BR\",\"@id\":\"https:\/\/museu.detic.unicamp.br\/museu\/?page_id=1169#primaryimage\",\"url\":\"https:\/\/www.ccuec.unicamp.br\/museu\/wp-content\/uploads\/sites\/9\/2021\/10\/1Banner-BemVindo-225x300.jpg\",\"contentUrl\":\"https:\/\/www.ccuec.unicamp.br\/museu\/wp-content\/uploads\/sites\/9\/2021\/10\/1Banner-BemVindo-225x300.jpg\"},{\"@type\":\"BreadcrumbList\",\"@id\":\"https:\/\/museu.detic.unicamp.br\/museu\/?page_id=1169#breadcrumb\",\"itemListElement\":[{\"@type\":\"ListItem\",\"position\":1,\"name\":\"In\u00edcio\",\"item\":\"https:\/\/museu.detic.unicamp.br\/museu\/\"},{\"@type\":\"ListItem\",\"position\":2,\"name\":\"Informa\u00e7\u00f5es Adicionais\"}]},{\"@type\":\"WebSite\",\"@id\":\"https:\/\/museu.detic.unicamp.br\/museu\/#website\",\"url\":\"https:\/\/museu.detic.unicamp.br\/museu\/\",\"name\":\"Museu de Inform\u00e1tica da Unicamp\",\"description\":\"Museu cont\u00e9m equipamentos que est\u00e3o ligados \u00e0 hist\u00f3ria da inform\u00e1tica na UNICAMP\",\"potentialAction\":[{\"@type\":\"SearchAction\",\"target\":{\"@type\":\"EntryPoint\",\"urlTemplate\":\"https:\/\/museu.detic.unicamp.br\/museu\/?s={search_term_string}\"},\"query-input\":{\"@type\":\"PropertyValueSpecification\",\"valueRequired\":true,\"valueName\":\"search_term_string\"}}],\"inLanguage\":\"pt-BR\"}]}<\/script>\n<!-- \/ Yoast SEO plugin. -->","yoast_head_json":{"title":"Informa\u00e7\u00f5es Adicionais - Museu de Inform\u00e1tica da Unicamp","robots":{"index":"index","follow":"follow","max-snippet":"max-snippet:-1","max-image-preview":"max-image-preview:large","max-video-preview":"max-video-preview:-1"},"canonical":"https:\/\/museu.detic.unicamp.br\/museu\/?page_id=1169","og_locale":"pt_BR","og_type":"article","og_title":"Informa\u00e7\u00f5es Adicionais - Museu de Inform\u00e1tica da Unicamp","og_description":"1 &#8211; Banner-BemVindo 2 &#8211; Banner-Entrada-Saida 3 &#8211; Banner-Micro-Servidores 4 &#8211; Banner-Redes 5 &#8211; Banner-Lei-Informatica 6 &#8211; Banner-AGC-Apollo 7 &#8211; Banner-Armazenamento-Digital-A 8 &#8211; Banner-Armazenamento-Digital-B 9 &#8211; Banner-Processador","og_url":"https:\/\/museu.detic.unicamp.br\/museu\/?page_id=1169","og_site_name":"Museu de Inform\u00e1tica da Unicamp","article_modified_time":"2021-11-19T13:18:07+00:00","og_image":[{"url":"https:\/\/www.ccuec.unicamp.br\/museu\/wp-content\/uploads\/sites\/9\/2021\/10\/1Banner-BemVindo-225x300.jpg","type":"","width":"","height":""}],"twitter_card":"summary_large_image","twitter_misc":{"Est. tempo de leitura":"2 minutos"},"schema":{"@context":"https:\/\/schema.org","@graph":[{"@type":"WebPage","@id":"https:\/\/museu.detic.unicamp.br\/museu\/?page_id=1169","url":"https:\/\/museu.detic.unicamp.br\/museu\/?page_id=1169","name":"Informa\u00e7\u00f5es Adicionais - Museu de Inform\u00e1tica da Unicamp","isPartOf":{"@id":"https:\/\/museu.detic.unicamp.br\/museu\/#website"},"primaryImageOfPage":{"@id":"https:\/\/museu.detic.unicamp.br\/museu\/?page_id=1169#primaryimage"},"image":{"@id":"https:\/\/museu.detic.unicamp.br\/museu\/?page_id=1169#primaryimage"},"thumbnailUrl":"https:\/\/www.ccuec.unicamp.br\/museu\/wp-content\/uploads\/sites\/9\/2021\/10\/1Banner-BemVindo-225x300.jpg","datePublished":"2015-09-09T14:57:51+00:00","dateModified":"2021-11-19T13:18:07+00:00","breadcrumb":{"@id":"https:\/\/museu.detic.unicamp.br\/museu\/?page_id=1169#breadcrumb"},"inLanguage":"pt-BR","potentialAction":[{"@type":"ReadAction","target":["https:\/\/museu.detic.unicamp.br\/museu\/?page_id=1169"]}]},{"@type":"ImageObject","inLanguage":"pt-BR","@id":"https:\/\/museu.detic.unicamp.br\/museu\/?page_id=1169#primaryimage","url":"https:\/\/www.ccuec.unicamp.br\/museu\/wp-content\/uploads\/sites\/9\/2021\/10\/1Banner-BemVindo-225x300.jpg","contentUrl":"https:\/\/www.ccuec.unicamp.br\/museu\/wp-content\/uploads\/sites\/9\/2021\/10\/1Banner-BemVindo-225x300.jpg"},{"@type":"BreadcrumbList","@id":"https:\/\/museu.detic.unicamp.br\/museu\/?page_id=1169#breadcrumb","itemListElement":[{"@type":"ListItem","position":1,"name":"In\u00edcio","item":"https:\/\/museu.detic.unicamp.br\/museu\/"},{"@type":"ListItem","position":2,"name":"Informa\u00e7\u00f5es Adicionais"}]},{"@type":"WebSite","@id":"https:\/\/museu.detic.unicamp.br\/museu\/#website","url":"https:\/\/museu.detic.unicamp.br\/museu\/","name":"Museu de Inform\u00e1tica da Unicamp","description":"Museu cont\u00e9m equipamentos que est\u00e3o ligados \u00e0 hist\u00f3ria da inform\u00e1tica na UNICAMP","potentialAction":[{"@type":"SearchAction","target":{"@type":"EntryPoint","urlTemplate":"https:\/\/museu.detic.unicamp.br\/museu\/?s={search_term_string}"},"query-input":{"@type":"PropertyValueSpecification","valueRequired":true,"valueName":"search_term_string"}}],"inLanguage":"pt-BR"}]}},"_links":{"self":[{"href":"https:\/\/museu.detic.unicamp.br\/museu\/index.php?rest_route=\/wp\/v2\/pages\/1169","targetHints":{"allow":["GET"]}}],"collection":[{"href":"https:\/\/museu.detic.unicamp.br\/museu\/index.php?rest_route=\/wp\/v2\/pages"}],"about":[{"href":"https:\/\/museu.detic.unicamp.br\/museu\/index.php?rest_route=\/wp\/v2\/types\/page"}],"author":[{"embeddable":true,"href":"https:\/\/museu.detic.unicamp.br\/museu\/index.php?rest_route=\/wp\/v2\/users\/1"}],"replies":[{"embeddable":true,"href":"https:\/\/museu.detic.unicamp.br\/museu\/index.php?rest_route=%2Fwp%2Fv2%2Fcomments&post=1169"}],"version-history":[{"count":18,"href":"https:\/\/museu.detic.unicamp.br\/museu\/index.php?rest_route=\/wp\/v2\/pages\/1169\/revisions"}],"predecessor-version":[{"id":4300,"href":"https:\/\/museu.detic.unicamp.br\/museu\/index.php?rest_route=\/wp\/v2\/pages\/1169\/revisions\/4300"}],"wp:attachment":[{"href":"https:\/\/museu.detic.unicamp.br\/museu\/index.php?rest_route=%2Fwp%2Fv2%2Fmedia&parent=1169"}],"curies":[{"name":"wp","href":"https:\/\/api.w.org\/{rel}","templated":true}]}}